{"id":99,"date":"2025-10-30T21:36:13","date_gmt":"2025-10-30T21:36:13","guid":{"rendered":"https:\/\/getmauritius.com\/?page_id=99"},"modified":"2025-10-30T21:41:25","modified_gmt":"2025-10-30T21:41:25","slug":"about","status":"publish","type":"page","link":"https:\/\/getmauritius.com\/fr\/about\/","title":{"rendered":"\u00c0 propos de nous"},"content":{"rendered":"<section class=\"bde-section-99-100 bde-section\">\n              \n  \n  \n\t\n\n  <div class=\"section-background-overlay\"><\/div>\n\n\n<div class=\"section-container\"><div class=\"bde-div-99-101 bde-div\">\n  \n  \n\t\n\n\n\n<h1 class=\"bde-heading-99-136 bde-heading\">\n\u00c0 propos de nous\n<\/h1><div class=\"bde-rich-text-99-103 bde-rich-text breakdance-rich-text-styles\">\n<p>Votre porte d&#039;entr\u00e9e vers d&#039;authentiques aventures mauriciennes.<\/p><p><br><\/p>\n<\/div>\n<\/div><\/div>\n<\/section><section class=\"bde-section-99-105 bde-section\">\n  \n  \n\t\n\n\n\n<div class=\"section-container\"><div class=\"bde-div-99-106 bde-div\">\n  \n  \n\t\n\n\n\n<div class=\"bde-rich-text-99-137 bde-rich-text breakdance-rich-text-styles\">\n<h2>Bienvenue sur GetMauritius<\/h2><p>GetMauritius est une plateforme de voyage moderne qui vous aide \u00e0 d\u00e9couvrir et \u00e0 r\u00e9server des exp\u00e9riences authentiques \u00e0 l&#039;\u00eele Maurice \u00e0 des prix avantageux. Notre \u00e9quipe de Mauriciens locaux vous propose des offres claires et concises, loin des clich\u00e9s des brochures touristiques. <strong>Des offres tri\u00e9es sur le volet, des conseils avis\u00e9s et des astuces d&#039;initi\u00e9s<\/strong> Vous ne trouverez tout simplement cela nulle part ailleurs.<\/p>\n<\/div><div class=\"bde-rich-text-99-140 bde-rich-text breakdance-rich-text-styles\">\n<h2>Qu&#039;est-ce qui diff\u00e9rencie GetMauritius ?<\/h2><p>Nous combinons <strong>expertise locale et technologies intelligentes<\/strong>. Contrairement aux grands sites de voyage impersonnels, nous vivons ici. Nous v\u00e9rifions personnellement les offres, testons les activit\u00e9s et partageons les conseils pratiques et concrets que nous donnerions \u00e0 nos propres proches visitant l&#039;\u00eele.<\/p><ul><li><p><strong>Connaissance v\u00e9ritablement locale\u00a0:<\/strong> Nous connaissons la meilleure p\u00e9riode pour visiter l&#039;\u00cele aux Cerfs afin d&#039;\u00e9viter la foule, les restaurants pr\u00e9f\u00e9r\u00e9s des locaux \u00e0 Grand Baie et la meilleure fa\u00e7on de louer une voiture. Nos conseils sont bas\u00e9s sur notre exp\u00e9rience, et non sur des algorithmes.<\/p><\/li><li><p><strong>S\u00e9lectionn\u00e9, pas encombr\u00e9\u00a0:<\/strong> Nous ne proposons pas des milliers d&#039;options al\u00e9atoires. Nous vous pr\u00e9sentons une s\u00e9lection rigoureuse d&#039;h\u00f4tels, d&#039;offres et d&#039;activit\u00e9s qui, selon nous, vous garantissent le meilleur rapport qualit\u00e9-prix.<\/p><\/li><li><p><strong>Transparent et honn\u00eate :<\/strong> Nous vous donnons toutes les informations n\u00e9cessaires. Si un h\u00f4tel moins cher est un peu \u00e9loign\u00e9 de la plage, nous vous le dirons. Si une excursion populaire est surfaite, nous vous proposerons une meilleure alternative. Notre objectif est de gagner votre confiance.<\/p><\/li><li><p><strong>Efficace et exploitable :<\/strong> Votre temps est pr\u00e9cieux. Nos guides vont droit au but, nos tableaux facilitent les comparaisons et notre processus de r\u00e9servation est simple.<\/p><\/li><\/ul>\n<\/div><div class=\"bde-rich-text-99-141 bde-rich-text breakdance-rich-text-styles\">\n<h2><strong>Notre histoire<\/strong><\/h2><p>GetMauritius a \u00e9t\u00e9 cr\u00e9\u00e9 \u00e0 partir d&#039;une id\u00e9e simple\u00a0: <strong><em>Et si planifier votre voyage donnait l&#039;impression de recevoir des conseils d&#039;un ami mauricien ?<\/em><\/strong><\/p><p>Nous avons grandi ici, au c\u0153ur de la beaut\u00e9 naturelle et de la culture vibrante de l&#039;\u00eele. Mais nous avons aussi vu des voyageurs se faire pi\u00e9ger par des attractions touristiques, payer trop cher pour des exp\u00e9riences m\u00e9diocres et passer \u00e0 c\u00f4t\u00e9 de ce qui fait la singularit\u00e9 de l&#039;\u00eele Maurice. Nous savions qu&#039;il existait une fa\u00e7on plus intelligente de voyager.<\/p><p>Nous avons donc cr\u00e9\u00e9 la plateforme dont nous r\u00eavions\u00a0: une plateforme qui vous connecte directement au c\u0153ur de l\u2019\u00eele Maurice, avec des informations authentiques et un excellent rapport qualit\u00e9-prix. Nous sommes une petite \u00e9quipe passionn\u00e9e de voyageurs et r\u00e9dacteurs locaux, d\u00e9vou\u00e9s \u00e0 vous aider \u00e0 organiser un voyage inoubliable et, surtout, amoureux de l\u2019\u00eele Maurice\u00a0!<\/p>\n<\/div><div class=\"bde-rich-text-99-142 bde-rich-text breakdance-rich-text-styles\">\n<h2><strong>Notre promesse envers vous<\/strong><\/h2><p>Lorsque vous utilisez GetMauritius, vous pouvez compter sur trois choses\u00a0:<\/p><ol><li><p><strong>Authenticit\u00e9:<\/strong> Des t\u00e9moignages authentiques de personnes qui connaissent l&#039;\u00eele comme leur poche. Sans fioritures ni clich\u00e9s.<\/p><\/li><li><p><strong>Valeur:<\/strong> Nous privil\u00e9gions les exp\u00e9riences qui valent votre temps et votre argent. Une bonne affaire ne se r\u00e9sume pas au prix le plus bas\u00a0; elle concerne avant tout la qualit\u00e9.<\/p><\/li><li><p><strong>Clart\u00e9:<\/strong> Nous simplifions l&#039;organisation de vos voyages. Des guides faciles \u00e0 lire aux prix transparents, nous vous fournissons toutes les informations n\u00e9cessaires pour prendre des d\u00e9cisions \u00e9clair\u00e9es.<\/p><\/li><\/ol>\n<\/div>\n<\/div><\/div>\n<\/section>","protected":false},"excerpt":{"rendered":"<p>About Us Your gateway to authentic Mauritius adventures. Welcome to GetMauritiusGetMauritius is a modern travel platform that helps you discover and book authentic Mauritius experiences at better prices. We&#8217;re a team of Mauritian locals who cut through the travel-brochure noise to bring you hand-picked deals, honest advice, and insider tips you simply won&#8217;t find anywhere [&hellip;]<\/p>","protected":false},"author":1,"featured_media":0,"parent":0,"menu_order":0,"comment_status":"closed","ping_status":"closed","template":"","meta":{"_breakdance_hide_in_design_set":false,"_breakdance_tags":"","footnotes":""},"class_list":["post-99","page","type-page","status-publish","hentry"],"_hostinger_reach_plugin_has_subscription_block":false,"_hostinger_reach_plugin_is_elementor":false,"_links":{"self":[{"href":"https:\/\/getmauritius.com\/fr\/wp-json\/wp\/v2\/pages\/99","targetHints":{"allow":["GET"]}}],"collection":[{"href":"https:\/\/getmauritius.com\/fr\/wp-json\/wp\/v2\/pages"}],"about":[{"href":"https:\/\/getmauritius.com\/fr\/wp-json\/wp\/v2\/types\/page"}],"author":[{"embeddable":true,"href":"https:\/\/getmauritius.com\/fr\/wp-json\/wp\/v2\/users\/1"}],"replies":[{"embeddable":true,"href":"https:\/\/getmauritius.com\/fr\/wp-json\/wp\/v2\/comments?post=99"}],"version-history":[{"count":5,"href":"https:\/\/getmauritius.com\/fr\/wp-json\/wp\/v2\/pages\/99\/revisions"}],"predecessor-version":[{"id":110,"href":"https:\/\/getmauritius.com\/fr\/wp-json\/wp\/v2\/pages\/99\/revisions\/110"}],"wp:attachment":[{"href":"https:\/\/getmauritius.com\/fr\/wp-json\/wp\/v2\/media?parent=99"}],"curies":[{"name":"wp","href":"https:\/\/api.w.org\/{rel}","templated":true}]}}