{"id":221,"date":"2026-03-24T12:02:35","date_gmt":"2026-03-24T12:02:35","guid":{"rendered":"https:\/\/getmauritius.com\/?page_id=221"},"modified":"2026-03-24T17:20:05","modified_gmt":"2026-03-24T17:20:05","slug":"top-5-beaches-on-the-west-coast-of-mauritius","status":"publish","type":"page","link":"https:\/\/getmauritius.com\/fr\/west\/top-5-beaches-on-the-west-coast-of-mauritius\/","title":{"rendered":"Les 5 plus belles plages de la c\u00f4te ouest de l&#039;\u00eele Maurice"},"content":{"rendered":"<style>.breakdance .bde-section-221-100{background-image:url(https:\/\/getmauritius.com\/wp-content\/uploads\/2026\/03\/Top-5-Beaches-on-the-West-Coast-of-Mauritius.webp);background-size:cover;background-repeat:no-repeat;background-attachment:fixed}.breakdance .bde-section-221-100>.section-background-overlay{background-color:#000;transition:background-color var(--bde-transition-duration) ease-in-out}.breakdance .bde-section-221-100>.section-background-overlay{opacity:0.5}<\/style><section class=\"bde-section-221-100 bde-section\">\n              \n  \n  \n\t\n\n  <div class=\"section-background-overlay\"><\/div>\n\n\n<div class=\"section-container\"><div class=\"bde-div-221-101 bde-div\">\n  \n  \n\t\n\n\n\n<h1 class=\"bde-heading-221-102 bde-heading\">\nLes 5 plus belles plages de la c\u00f4te ouest de l&#039;\u00eele Maurice\n<\/h1><div class=\"bde-rich-text-221-103 bde-rich-text breakdance-rich-text-styles\">\n\n<\/div>\n<\/div><\/div>\n<\/section><section class=\"bde-section-221-104 bde-section\">\n  \n  \n\t\n\n\n\n<div class=\"section-container\"><div class=\"bde-columns-221-134 bde-columns\"><div class=\"bde-column-221-135 bde-column\">\n  \n  \n\t\n\n\n\n<div class=\"bde-table-of-contents-221-133 bde-table-of-contents\">\n<div class=\"bde-table-of-contents__wrapper\">\n  <header class=\"bde-table-of-contents__header\">\n        <div class=\"bde-table-of-contents__title toc-ignore\">Table des mati\u00e8res<\/div>\n           <\/header>\n  \n  <div class=\"bde-table-of-contents__list\">\n    <nav id=\"bde-toc\" class=\"toc js-breakdance-toc\" aria-label=\"Table des mati\u00e8res\">Ce document ne contient aucun titre.<\/nav>\n  <\/div>\n<\/div>\n\n\n<\/div>\n<\/div><div class=\"bde-column-221-136 bde-column\">\n  \n  \n\t\n\n\n\n\n<\/div><\/div><div class=\"bde-rich-text-221-105 bde-rich-text breakdance-rich-text-styles\">\n<h2 data-path-to-node=\"0\">Quelles sont les plus belles plages de l&#039;ouest de l&#039;\u00eele Maurice\u00a0?<\/h2>\n<p>Les plus belles plages du <a href=\"https:\/\/getmauritius.com\/fr\/west\/\">\u00c0 l&#039;ouest de l&#039;\u00eele Maurice<\/a> sont <strong>Flic en Flac<\/strong> pour les longues promenades et la natation, <strong>Le Morne<\/strong> pour ses paysages spectaculaires et le kitesurf, et <strong>Baie des Tamarins<\/strong> Id\u00e9al pour le surf et l&#039;observation des dauphins, ce littoral est r\u00e9put\u00e9 pour ses lagons calmes et peu profonds, son climat sec toute l&#039;ann\u00e9e et ses couchers de soleil parmi les plus spectaculaires de l&#039;\u00eele.<\/p>\n<\/div><div class=\"bde-div-221-159 bde-div\">\n  \n  \n\t\n\n\n\n<div class=\"bde-columns-221-138 bde-columns\"><div class=\"bde-column-221-140 bde-column\">\n  \n  \n\t\n\n\n\n<div class=\"bde-rich-text-221-115 bde-rich-text breakdance-rich-text-styles\">\n<h3 data-path-to-node=\"4\">1. Plage publique de Flic en Flac<\/h3>\n<p data-path-to-node=\"5\"><b data-path-to-node=\"5\" data-index-in-node=\"0\">Id\u00e9al pour : la baignade toute la journ\u00e9e et la cuisine de rue locale.<\/b><\/p>\n<p data-path-to-node=\"5\">La plage la plus c\u00e9l\u00e8bre de l&#039;ouest. Six kilom\u00e8tres de sable blanc et fin bordent un lagon prot\u00e9g\u00e9 par un r\u00e9cif, aussi calme qu&#039;une piscine. C&#039;est le lieu de pr\u00e9dilection des familles et de tous ceux qui souhaitent s\u00e9journer \u00e0 proximit\u00e9 des bars et restaurants.<\/p>\n<ul data-path-to-node=\"6\">\n<li>\n<p data-path-to-node=\"6,0,0\"><b data-path-to-node=\"6,0,0\" data-index-in-node=\"0\">Conseil local\u00a0:<\/b> Parc pr\u00e8s du <b data-path-to-node=\"6,0,0\" data-index-in-node=\"25\">arbres casuarina<\/b> pour l&#039;ombre naturelle, mais attention aux aiguilles tomb\u00e9es \u2014 elles peuvent \u00eatre piquantes !<\/p>\n<\/li>\n<\/ul>\n<\/div>\n<\/div><div class=\"bde-column-221-139 bde-column\">\n  \n  \n\t\n\n\n\n<div class=\"bde-google-map-221-137 bde-google-map\">\r\n<iframe width=\"100%\" height=\"100%\" style=\"border:0\" loading=\"lazy\" title=\"Plage publique de Flic en Flac\" src=\"https:\/\/www.google.com\/maps\/embed\/v1\/place?key=AIzaSyD9S0HCMzAHGPRQdajnD4XTVeJ__Wmt2xw&q=Flic+en+flac+beach&zoom=15&maptype=roadmap\" allowfullscreen><\/iframe>\n<\/div>\n<\/div><\/div><div class=\"bde-columns-221-141 bde-columns\"><div class=\"bde-column-221-142 bde-column\">\n  \n  \n\t\n\n\n\n<div class=\"bde-rich-text-221-116 bde-rich-text breakdance-rich-text-styles\">\n<h3 data-path-to-node=\"7\">2. Plage publique du Morne<\/h3>\n<p data-path-to-node=\"8\"><b data-path-to-node=\"8\" data-index-in-node=\"0\">Id\u00e9al pour : des paysages spectaculaires et du kitesurf de classe mondiale.<\/b><\/p>\n<p data-path-to-node=\"8\">Assis au pied de l&#039;embl\u00e9matique\u00a0<b data-path-to-node=\"8\" data-index-in-node=\"90\">Le Morne Brabant<\/b>, Cette plage offre une eau parmi les plus claires de l&#039;\u00eele. Elle est divis\u00e9e en deux\u00a0: la partie nord est id\u00e9ale pour la baignade en eaux calmes, tandis que la pointe sud (One Eye) est un haut lieu mondial des sports de glisse.<\/p>\n<ul data-path-to-node=\"9\">\n<li>\n<p data-path-to-node=\"9,0,0\"><b data-path-to-node=\"9,0,0\" data-index-in-node=\"0\">Conseil local\u00a0:<\/b> L&#039;entr\u00e9e publique est dissimul\u00e9e entre des complexes h\u00f4teliers de luxe. <b data-path-to-node=\"9,0,0\" data-index-in-node=\"69\">100% gratuit<\/b> et offre la m\u00eame vue imprenable que les h\u00f4tels 5 \u00e9toiles des environs.<\/p>\n<\/li>\n<\/ul>\n<\/div>\n<\/div><div class=\"bde-column-221-143 bde-column\">\n  \n  \n\t\n\n\n\n<div class=\"bde-google-map-221-144 bde-google-map\">\r\n<iframe width=\"100%\" height=\"100%\" style=\"border:0\" loading=\"lazy\" title=\"Plage publique du Morne\" src=\"https:\/\/www.google.com\/maps\/embed\/v1\/place?key=AIzaSyD9S0HCMzAHGPRQdajnD4XTVeJ__Wmt2xw&q=Le+Morne+Public+Beach&zoom=14&maptype=roadmap\" allowfullscreen><\/iframe>\n<\/div>\n<\/div><\/div><div class=\"bde-columns-221-146 bde-columns\"><div class=\"bde-column-221-147 bde-column\">\n  \n  \n\t\n\n\n\n<div class=\"bde-rich-text-221-117 bde-rich-text breakdance-rich-text-styles\">\n<h3 data-path-to-node=\"10\">3. Baie des Tamarins<\/h3>\n<p data-path-to-node=\"11\"><b data-path-to-node=\"11\" data-index-in-node=\"0\">Id\u00e9al pour : le surf, l&#039;observation des dauphins et une ambiance boh\u00e8me.<\/b><\/p>\n<p data-path-to-node=\"11\">Oubliez le sable blanc ; Tamarin est connu pour son sable fin.\u00a0<b data-path-to-node=\"11\" data-index-in-node=\"102\">sable volcanique gris<\/b> et une \u00e9nergie brute, venue du grand large. Ici, pas de r\u00e9cif, les vagues viennent donc d\u00e9ferler sur le rivage. C&#039;est l&#039;endroit id\u00e9al pour surfer une gauche ou observer des dauphins sauvages au lever du soleil.<\/p>\n<ul data-path-to-node=\"12\">\n<li>\n<p data-path-to-node=\"12,0,0\"><b data-path-to-node=\"12,0,0\" data-index-in-node=\"0\">Conseil local\u00a0:<\/b> Ne vous attendez pas \u00e0 une eau \" limpide \" ici : la rencontre du fleuve et de la mer la rend plus sal\u00e9e et plus limoneuse, mais beaucoup plus vivante.<\/p>\n<\/li>\n<\/ul>\n<\/div>\n<\/div><div class=\"bde-column-221-148 bde-column\">\n  \n  \n\t\n\n\n\n<div class=\"bde-google-map-221-155 bde-google-map\">\r\n<iframe width=\"100%\" height=\"100%\" style=\"border:0\" loading=\"lazy\" title=\"Baie des Tamarins\" src=\"https:\/\/www.google.com\/maps\/embed\/v1\/place?key=AIzaSyD9S0HCMzAHGPRQdajnD4XTVeJ__Wmt2xw&q=Tamarin+beach&zoom=15&maptype=roadmap\" allowfullscreen><\/iframe>\n<\/div>\n<\/div><\/div><div class=\"bde-columns-221-149 bde-columns\"><div class=\"bde-column-221-150 bde-column\">\n  \n  \n\t\n\n\n\n<div class=\"bde-rich-text-221-118 bde-rich-text breakdance-rich-text-styles\">\n<h3 data-path-to-node=\"13\">4. La Preneuse (Rivi\u00e8re Noire)<\/h3>\n<p data-path-to-node=\"14\"><b data-path-to-node=\"14\" data-index-in-node=\"0\">Id\u00e9al pour : des couchers de soleil paisibles et un charme historique.<\/b><\/p>\n<p data-path-to-node=\"14\">Le choix des initi\u00e9s pour \u00e9chapper \u00e0 la foule de Flic en Flac. C&#039;est une plage \u00e9troite et paisible domin\u00e9e par un\u00a0<b data-path-to-node=\"14\" data-index-in-node=\"148\">Tour Martello historique<\/b>. Il offre une vue imprenable sur le mont Le Morne de l&#039;autre c\u00f4t\u00e9 de l&#039;eau, ce qui en fait le meilleur endroit pour photographier le coucher du soleil.<\/p>\n<ul data-path-to-node=\"15\">\n<li>\n<p data-path-to-node=\"15,0,0\"><b data-path-to-node=\"15,0,0\" data-index-in-node=\"0\">Conseil local\u00a0:<\/b> Ceci est un <b data-path-to-node=\"15,0,0\" data-index-in-node=\"21\">h\u00e9ros du microclimat<\/b>\u2014S&#039;il pleut ailleurs sur l&#039;\u00eele, il fait probablement beau \u00e0 La Preneuse.<\/p>\n<\/li>\n<\/ul>\n<\/div>\n<\/div><div class=\"bde-column-221-151 bde-column\">\n  \n  \n\t\n\n\n\n<div class=\"bde-google-map-221-156 bde-google-map\">\r\n<iframe width=\"100%\" height=\"100%\" style=\"border:0\" loading=\"lazy\" title=\"La Preneuse\" src=\"https:\/\/www.google.com\/maps\/embed\/v1\/place?key=AIzaSyD9S0HCMzAHGPRQdajnD4XTVeJ__Wmt2xw&q=La+Preneuse+Public+Beach&zoom=14&maptype=roadmap\" allowfullscreen><\/iframe>\n<\/div>\n<\/div><\/div><div class=\"bde-columns-221-152 bde-columns\"><div class=\"bde-column-221-153 bde-column\">\n  \n  \n\t\n\n\n\n<div class=\"bde-rich-text-221-119 bde-rich-text breakdance-rich-text-styles\">\n<h3 data-path-to-node=\"16\">5. Plage publique d&#039;Albion<\/h3>\n<p data-path-to-node=\"17\"><b data-path-to-node=\"17\" data-index-in-node=\"0\">Id\u00e9al pour : l&#039;exploration de terrains accident\u00e9s et la photographie de couchers de soleil.<\/b><\/p>\n<p data-path-to-node=\"17\">Albion est moins synonyme de farniente que de paysages. C&#039;est un endroit rocailleux et sauvage, qui abrite les c\u00e9l\u00e8bres\u2026\u00a0<b data-path-to-node=\"17\" data-index-in-node=\"165\">phare rouge et blanc<\/b>. Si vous souhaitez vivre une exp\u00e9rience \" sauvage \" \u00e0 l&#039;\u00eele Maurice, loin de la foule des complexes h\u00f4teliers, c&#039;est l&#039;endroit id\u00e9al.<\/p>\n<ul data-path-to-node=\"18\">\n<li>\n<p data-path-to-node=\"18,0,0\"><b data-path-to-node=\"18,0,0\" data-index-in-node=\"0\">Conseil local\u00a0:<\/b> Les falaises pr\u00e8s du phare sont sans doute le meilleur endroit de l&#039;\u00eele pour admirer le coucher du soleil dans l&#039;oc\u00e9an sans apercevoir le moindre b\u00e2timent.<\/p>\n<\/li>\n<\/ul>\n<\/div>\n<\/div><div class=\"bde-column-221-154 bde-column\">\n  \n  \n\t\n\n\n\n<div class=\"bde-google-map-221-160 bde-google-map\">\r\n<iframe width=\"100%\" height=\"100%\" style=\"border:0\" loading=\"lazy\" title=\"Plage publique d&#039;Albion\" src=\"https:\/\/www.google.com\/maps\/embed\/v1\/place?key=AIzaSyD9S0HCMzAHGPRQdajnD4XTVeJ__Wmt2xw&q=Albion+Public+Beach&zoom=14&maptype=roadmap\" allowfullscreen><\/iframe>\n<\/div>\n<\/div><\/div>\n<\/div><div class=\"bde-rich-text-221-113 bde-rich-text breakdance-rich-text-styles\">\n<h2 data-path-to-node=\"6\">Pourquoi la c\u00f4te ouest est le choix \" intelligent \" pour les voyageurs<\/h2>\n<p data-path-to-node=\"7\">Si vous recherchez le climat le plus stable \u00e0 Maurice, c&#039;est \u00e0 l&#039;ouest qu&#039;il faut aller. Les montagnes centrales bloquant les aliz\u00e9s dominants, cette partie de l&#039;\u00eele b\u00e9n\u00e9ficie d&#039;un climat toujours frais. <b data-path-to-node=\"7\" data-index-in-node=\"190\">plus chaud et nettement plus sec<\/b> que l\u2019Est, surtout pendant les mois d\u2019hiver (juin-ao\u00fbt).<\/p>\n<p data-path-to-node=\"8\">L&#039;eau y est g\u00e9n\u00e9ralement plus calme, ce qui en fait le premier choix pour <b data-path-to-node=\"8\" data-index-in-node=\"63\">familles avec de jeunes enfants<\/b> ou \u00e0 toute personne qui pr\u00e9f\u00e8re un bain relaxant \u00e0 la lutte contre les vagues.<\/p>\n<\/div><div class=\"bde-rich-text-221-114 bde-rich-text breakdance-rich-text-styles\">\n<h2 data-path-to-node=\"10\">La plage de Flic en Flac vaut-elle le d\u00e9tour ?<\/h2>\n<p data-path-to-node=\"11\"><b data-path-to-node=\"11\" data-index-in-node=\"0\">Oui, Flic en Flac est la plage la plus polyvalente de la c\u00f4te ouest, offrant plusieurs kilom\u00e8tres de sable blanc et un lagon prot\u00e9g\u00e9 par un r\u00e9cif. Id\u00e9ale pour la baignade et les rencontres entre amis, elle propose un large choix de food trucks et un acc\u00e8s facile aux restaurants et bars environnants.<\/b><\/p>\n<p data-path-to-node=\"12\">Flic en Flac est le c\u0153ur battant de l&#039;ouest de l&#039;\u00eele. En semaine, c&#039;est une plage tranquille, id\u00e9ale pour de longues promenades matinales. Le dimanche, elle se transforme en un lieu de rencontre anim\u00e9 o\u00f9 les familles mauriciennes se retrouvent pour pique-niquer.<\/p>\n<ul data-path-to-node=\"13\">\n<li>\n<p data-path-to-node=\"13,0,0\"><b data-path-to-node=\"13,0,0\" data-index-in-node=\"0\">Parking:<\/b> On en trouve en abondance pr\u00e8s de l&#039;entr\u00e9e de la plage publique.<\/p>\n<\/li>\n<li>\n<p data-path-to-node=\"13,1,0\"><b data-path-to-node=\"13,1,0\" data-index-in-node=\"0\">Conseil de pro\u00a0:<\/b> Porter <b data-path-to-node=\"13,1,0\" data-index-in-node=\"14\">chaussures de mer<\/b> (Chaussures d&#039;eau). Le lagon est magnifique mais pr\u00e9sente des zones de corail et des oursins.<\/p>\n<\/li>\n<li>\n<p data-path-to-node=\"13,2,0\"><b data-path-to-node=\"13,2,0\" data-index-in-node=\"0\">Meilleur moment pour admirer le coucher du soleil\u00a0:<\/b> 17h30 \u2013 18h30.<\/p>\n<\/li>\n<\/ul>\n<blockquote data-path-to-node=\"14\">\n<p data-path-to-node=\"14,0\"><b data-path-to-node=\"14,0\" data-index-in-node=\"0\">Aper\u00e7u local\u00a0:<\/b> Oubliez le buffet de l&#039;h\u00f4tel pour un d\u00e9jeuner. Rendez-vous au <b data-path-to-node=\"14,0\" data-index-in-node=\"64\">camions de restauration jaunes<\/b> Garez-vous sous les filaos. Prenez une soupe de \" Boulettes \" (raviolis vapeur) ou un \" Roti Aka \"\u00a0: c\u2019est le repas le plus authentique (et le moins cher) que vous puissiez d\u00e9guster, avec une vue \u00e0 couper le souffle.<\/p>\n<\/blockquote>\n<\/div><div class=\"bde-rich-text-221-120 bde-rich-text breakdance-rich-text-styles\">\n<h2 data-path-to-node=\"16\">Qu&#039;est-ce qui rend la plage du Morne si sp\u00e9ciale ?<\/h2>\n<p data-path-to-node=\"17\"><b data-path-to-node=\"17\" data-index-in-node=\"0\">La plage du Morne est mondialement connue pour son magnifique panorama. <a href=\"https:\/\/whc.unesco.org\/en\/list\/1259\/\" target=\"_blank\" rel=\"noopener\">Le Morne Brabant, montagne inscrite au patrimoine mondial de l&#039;UNESCO<\/a>. Elle est divis\u00e9e en deux zones principales\u00a0: un lagon nord calme, id\u00e9al pour les clients des complexes h\u00f4teliers de luxe, et une pointe sud connue sous le nom de \"\u00a0One Eye\u00a0\", une destination mondiale de premier plan pour le kitesurf.<\/b><\/p>\n<p data-path-to-node=\"18\">Alors qu&#039;une grande partie du front de mer est occup\u00e9e par des complexes h\u00f4teliers haut de gamme comme LUX* et Dinarobin, <b data-path-to-node=\"18\" data-index-in-node=\"90\">plage publique<\/b> Il est facilement accessible et offre la m\u00eame eau turquoise et le m\u00eame sable blanc.<\/p>\n<ul data-path-to-node=\"19\">\n<li>\n<p data-path-to-node=\"19,0,0\"><b data-path-to-node=\"19,0,0\" data-index-in-node=\"0\">Activit\u00e9s:<\/b> Randonn\u00e9e en montagne (t\u00f4t le matin), kitesurf et plong\u00e9e en apn\u00e9e.<\/p>\n<\/li>\n<li>\n<p data-path-to-node=\"19,1,0\"><b data-path-to-node=\"19,1,0\" data-index-in-node=\"0\">L&#039;ambiance :<\/b> Haut de gamme et spectaculaire. Le vent y souffle plus fort qu&#039;\u00e0 Flic en Flac, ce qui explique pourquoi les kitesurfeurs l&#039;adorent.<\/p>\n<\/li>\n<\/ul>\n<p data-path-to-node=\"26\">L&#039;eau y est d&#039;une clart\u00e9 exceptionnelle, mais le courant peut \u00eatre fort pr\u00e8s des pointes. Ce n&#039;est pas un hasard si c&#039;est l&#039;endroit le plus photographi\u00e9 de l&#039;\u00eele.<\/p>\n<ul data-path-to-node=\"27\">\n<li>\n<p data-path-to-node=\"27,0,0\"><b data-path-to-node=\"27,0,0\" data-index-in-node=\"0\">Installations:<\/b> Un bon parking et quelques petits kiosques vendant des en-cas.<\/p>\n<\/li>\n<li>\n<p data-path-to-node=\"27,1,0\"><b data-path-to-node=\"27,1,0\" data-index-in-node=\"0\">Co\u00fbt:<\/b> L&#039;acc\u00e8s est <b data-path-to-node=\"27,1,0\" data-index-in-node=\"16\">100% gratuit<\/b>, m\u00eame s&#039;il est entour\u00e9 de certains des h\u00f4tels les plus chers de l&#039;\u00eele.<\/p>\n<\/li>\n<\/ul>\n<\/div><div class=\"bde-rich-text-221-121 bde-rich-text breakdance-rich-text-styles\">\n<h2 data-path-to-node=\"21\">Peut-on nager avec les dauphins \u00e0 Tamarin Bay ?<\/h2>\n<p data-path-to-node=\"22\"><b data-path-to-node=\"22\" data-index-in-node=\"0\">La baie de Tamarin est le meilleur endroit de l&#039;\u00eele Maurice pour observer les dauphins sauvages, m\u00eame si la nage avec eux est r\u00e9glement\u00e9e. Contrairement aux autres plages, Tamarin poss\u00e8de un sable volcanique plus fonc\u00e9 et est d\u00e9pourvue de r\u00e9cif protecteur, ce qui cr\u00e9e des vagues r\u00e9guli\u00e8res, id\u00e9ales pour les surfeurs d\u00e9butants et interm\u00e9diaires.<\/b><\/p>\n<p data-path-to-node=\"23\">Ce n&#039;est pas une plage de sable blanc comme on en voit sur les cartes postales, mais elle poss\u00e8de une \u00e2me que d&#039;autres endroits n&#039;ont pas. C&#039;est l\u00e0 que la Rivi\u00e8re Noire rencontre la mer, cr\u00e9ant un paysage unique.<\/p>\n<ul data-path-to-node=\"24\">\n<li>\n<p data-path-to-node=\"24,0,0\"><b data-path-to-node=\"24,0,0\" data-index-in-node=\"0\">Surf:<\/b> \u00c0 privil\u00e9gier entre juin et septembre.<\/p>\n<\/li>\n<li>\n<p data-path-to-node=\"24,1,0\"><b data-path-to-node=\"24,1,0\" data-index-in-node=\"0\">Excursions d&#039;observation des dauphins\u00a0:<\/b> La plupart des bateaux partent \u00e0 6h00 ou 7h00.<\/p>\n<\/li>\n<li>\n<p data-path-to-node=\"24,2,0\"><b data-path-to-node=\"24,2,0\" data-index-in-node=\"0\">Note:<\/b> Veuillez choisir des voyagistes qui respectent les animaux et ne les \" poursuivent \" pas avec des moteurs.<\/p>\n<\/li>\n<\/ul>\n<\/div><div class=\"bde-rich-text-221-125 bde-rich-text breakdance-rich-text-styles\">\n<h2 data-path-to-node=\"14\">Pourquoi les habitants du coin choisissent-ils La Preneuse pour admirer le coucher du soleil ?<\/h2>\n<p data-path-to-node=\"15\"><b data-path-to-node=\"15\" data-index-in-node=\"0\">La Preneuse est l&#039;endroit id\u00e9al pour un apr\u00e8s-midi tranquille. Situ\u00e9e \u00e0 Rivi\u00e8re Noire, cette plage, plus petite et plus intime que ses voisines, offre une vue imprenable sur le Morne Brabant, sans le prix d&#039;un h\u00f4tel cinq \u00e9toiles.<\/b><\/p>\n<p data-path-to-node=\"16\">C&#039;est ici que vous trouverez des familles mauriciennes profitant d&#039;une baignade tranquille apr\u00e8s le travail. La plage est bord\u00e9e par le site historique <b data-path-to-node=\"16\" data-index-in-node=\"115\">Tour Martello<\/b>, une fortification en pierre datant de l&#039;\u00e9poque britannique qui sert aujourd&#039;hui de petit mus\u00e9e.<\/p>\n<ul data-path-to-node=\"17\">\n<li>\n<p data-path-to-node=\"17,0,0\"><b data-path-to-node=\"17,0,0\" data-index-in-node=\"0\">Conseil de pro\u00a0:<\/b> Si vous \u00eates en visite entre <b data-path-to-node=\"17,0,0\" data-index-in-node=\"36\">Juin et ao\u00fbt<\/b>, La Preneuse est votre meilleure amie. Tandis que la c\u00f4te Est est balay\u00e9e par les aliz\u00e9s, cette plage reste calme et souvent <b data-path-to-node=\"17,0,0\" data-index-in-node=\"171\">2 \u00e0 3 \u00b0C plus chaud<\/b> que le reste de l&#039;\u00eele.<\/p>\n<\/li>\n<\/ul>\n<\/div><div class=\"bde-fancy-container-221-124 bde-fancy-container\">\n  \n  \n\t\n\n\n\n<div class=\"bde-rich-text-221-123 bde-rich-text breakdance-rich-text-styles\">\n<h2 data-path-to-node=\"4\">Le verdict local de \u2018 GetMauritius \u2019<\/h2>\n<p>La plupart des voyageurs sur TripAdvisor et Facebook vous conseilleront de vous rendre directement \u00e0 <b data-path-to-node=\"3\" data-index-in-node=\"77\">Flic en Flac<\/b>. C&#039;est la plage la plus longue, celle qui compte le plus de food trucks et o\u00f9 les conditions de baignade sont les plus constantes. Cependant, un nombre croissant de voyageurs adeptes du \" slow travel \" se plaignent que l&#039;affluence du week-end et la musique forte pr\u00e8s des centres publics nuisent \u00e0 la tranquillit\u00e9 de l&#039;\u00eele.<\/p>\n<p data-path-to-node=\"5\">La communaut\u00e9 a en partie raison\u00a0: Flic en Flac est un incontournable, mais elle oublie le secteur de Wolmar. Si vous souhaitez profiter du lagon cristallin loin de l&#039;agitation, dirigez-vous vers la partie tranquille pr\u00e8s du Sands Suites Resort &amp; Spa, \u00e0 l&#039;extr\u00e9mit\u00e9 sud de Flic en Flac.<\/p>\n<p data-path-to-node=\"6\">Voici les informations privil\u00e9gi\u00e9es sur les meilleurs endroits de l&#039;Ouest :<\/p>\n<ul data-path-to-node=\"7\">\n<li>\n<p data-path-to-node=\"7,0,0\"><b data-path-to-node=\"7,0,0\" data-index-in-node=\"0\">Flic en Flac (The North End) :<\/b> Id\u00e9al pour go\u00fbter aux sp\u00e9cialit\u00e9s locales. Prenez des \"\u00a0Boulettes\u00a0\" (raviolis vapeur) aux stands pr\u00e8s du parking principal, mais ne vous y attardez pas.<\/p>\n<\/li>\n<li>\n<p data-path-to-node=\"7,1,0\"><b data-path-to-node=\"7,1,0\" data-index-in-node=\"0\">La Preneuse (Rivi\u00e8re Noire) :<\/b> C&#039;est l&#039;endroit pr\u00e9f\u00e9r\u00e9 des locaux pour admirer un coucher de soleil en toute tranquillit\u00e9. Plus petit, il offre une vue imprenable sur le Morne Brabant.<\/p>\n<\/li>\n<li>\n<p data-path-to-node=\"7,2,0\"><b data-path-to-node=\"7,2,0\" data-index-in-node=\"0\">Baie des Tamarins :<\/b> Ne venez pas ici pour le sable blanc (il est volcanique et gris). Venez plut\u00f4t \u00e0 6h du matin pour observer le spectacle. <b data-path-to-node=\"7,2,0\" data-index-in-node=\"104\">dauphins sauvages<\/b> ou en fin d&#039;apr\u00e8s-midi pour profiter de la meilleure ambiance de coucher de soleil, id\u00e9ale pour les surfeurs, sur l&#039;\u00eele.<\/p>\n<\/li>\n<\/ul>\n<\/div>\n<\/div><div class=\"bde-rich-text-221-122 bde-rich-text breakdance-rich-text-styles\">\n<h2 data-path-to-node=\"26\">Questions fr\u00e9quentes sur les plages de la c\u00f4te ouest (FAQ)<\/h2>\n<ul>\n<li data-path-to-node=\"27\"><b data-path-to-node=\"27\" data-index-in-node=\"0\">Quelle est la plage la plus tranquille de l&#039;Ouest ?<\/b> <b data-path-to-node=\"27\" data-index-in-node=\"40\">La Preneuse<\/b> La plage de Rivi\u00e8re Noire est nettement plus calme que celle de Flic en Flac. C&#039;est une plage \u00e9troite avec une tour Martello historique. Elle est id\u00e9ale pour un coucher de soleil en toute tranquillit\u00e9, loin de la foule.<br \/><br \/><\/li>\n<li data-path-to-node=\"28\"><b data-path-to-node=\"28\" data-index-in-node=\"0\">Quelle plage de l&#039;ouest est la meilleure pour la plong\u00e9e en apn\u00e9e ?<\/b> <b data-path-to-node=\"28\" data-index-in-node=\"41\">Flic en Flac<\/b> et la zone autour <b data-path-to-node=\"28\" data-index-in-node=\"74\">Le Morne<\/b> Vous y trouverez les meilleurs spots de snorkeling accessibles depuis le rivage. \u00c0 quelques m\u00e8tres du sable, vous pourrez observer de nombreux poissons-idoles mauresques et poissons-perroquets.<br \/><br \/><\/li>\n<li data-path-to-node=\"29\"><b data-path-to-node=\"29\" data-index-in-node=\"0\">Quelle est la distance entre la c\u00f4te ouest et l&#039;a\u00e9roport ?<\/b> Attendez-vous \u00e0 un <b data-path-to-node=\"29\" data-index-in-node=\"53\">60 \u00e0 90 minutes en voiture<\/b> (Environ 50 km) selon la circulation. La route qui traverse les montagnes du sud est pittoresque mais sinueuse.<\/li>\n<\/ul>\n<\/div><\/div>\n<\/section>","protected":false},"excerpt":{"rendered":"<p>Top 5 Beaches on the West Coast of Mauritius Table Of Contents There are no headings in this document. What are the Best Beaches in the West of Mauritius? The best beaches in the West of Mauritius are Flic en Flac for long walks and swimming, Le Morne for dramatic scenery and kitesurfing, and Tamarin [&hellip;]<\/p>","protected":false},"author":1,"featured_media":228,"parent":182,"menu_order":0,"comment_status":"closed","ping_status":"closed","template":"","meta":{"_breakdance_hide_in_design_set":false,"_breakdance_tags":"","footnotes":""},"class_list":["post-221","page","type-page","status-publish","has-post-thumbnail","hentry"],"_hostinger_reach_plugin_has_subscription_block":false,"_hostinger_reach_plugin_is_elementor":false,"_links":{"self":[{"href":"https:\/\/getmauritius.com\/fr\/wp-json\/wp\/v2\/pages\/221","targetHints":{"allow":["GET"]}}],"collection":[{"href":"https:\/\/getmauritius.com\/fr\/wp-json\/wp\/v2\/pages"}],"about":[{"href":"https:\/\/getmauritius.com\/fr\/wp-json\/wp\/v2\/types\/page"}],"author":[{"embeddable":true,"href":"https:\/\/getmauritius.com\/fr\/wp-json\/wp\/v2\/users\/1"}],"replies":[{"embeddable":true,"href":"https:\/\/getmauritius.com\/fr\/wp-json\/wp\/v2\/comments?post=221"}],"version-history":[{"count":7,"href":"https:\/\/getmauritius.com\/fr\/wp-json\/wp\/v2\/pages\/221\/revisions"}],"predecessor-version":[{"id":236,"href":"https:\/\/getmauritius.com\/fr\/wp-json\/wp\/v2\/pages\/221\/revisions\/236"}],"up":[{"embeddable":true,"href":"https:\/\/getmauritius.com\/fr\/wp-json\/wp\/v2\/pages\/182"}],"wp:featuredmedia":[{"embeddable":true,"href":"https:\/\/getmauritius.com\/fr\/wp-json\/wp\/v2\/media\/228"}],"wp:attachment":[{"href":"https:\/\/getmauritius.com\/fr\/wp-json\/wp\/v2\/media?parent=221"}],"curies":[{"name":"wp","href":"https:\/\/api.w.org\/{rel}","templated":true}]}}