{"id":189,"date":"2025-11-19T01:24:26","date_gmt":"2025-11-19T01:24:26","guid":{"rendered":"https:\/\/getmauritius.com\/?page_id=189"},"modified":"2026-03-24T17:18:30","modified_gmt":"2026-03-24T17:18:30","slug":"center","status":"publish","type":"page","link":"https:\/\/getmauritius.com\/fr\/center\/","title":{"rendered":"Centre"},"content":{"rendered":"<style>.breakdance .bde-section-189-100{background-image:url(https:\/\/getmauritius.com\/wp-content\/uploads\/2025\/10\/Center-Mauritius.webp);background-size:cover;background-repeat:no-repeat;background-attachment:fixed}.breakdance .bde-section-189-100>.section-background-overlay{background-color:#000;transition:background-color var(--bde-transition-duration) ease-in-out}.breakdance .bde-section-189-100>.section-background-overlay{opacity:0.5}<\/style><section class=\"bde-section-189-100 bde-section\">\n              \n  \n  \n\t\n\n  <div class=\"section-background-overlay\"><\/div>\n\n\n<div class=\"section-container\"><div class=\"bde-div-189-101 bde-div\">\n  \n  \n\t\n\n\n\n<h1 class=\"bde-heading-189-102 bde-heading\">\nD\u00e9couvrez le centre de l&#039;\u00eele Maurice\n<\/h1><div class=\"bde-rich-text-189-103 bde-rich-text breakdance-rich-text-styles\">\n<p>C\u00f4tes sauvages, sites incontournables et ambiance authentique<\/p>\n<\/div>\n<\/div><\/div>\n<\/section><section class=\"bde-section-189-104 bde-section\">\n  \n  \n\t\n\n\n\n<div class=\"section-container\"><div class=\"bde-rich-text-189-105 bde-rich-text breakdance-rich-text-styles\">\n<h2>Guide du visiteur novice au centre de l&#039;\u00eele Maurice<\/h2><p>Le centre de l&#039;\u00eele Maurice (le \" plateau central \") est le <strong>centre authentique, culturel et commercial<\/strong> de l&#039;\u00eele. Ce n&#039;est pas un lieu pour bronzer ; c&#039;est l&#039;endroit o\u00f9 l&#039;on vient d\u00e9couvrir le mode de vie local, faire du shopping dans des centres commerciaux de renomm\u00e9e mondiale, randonner dans des for\u00eats fra\u00eeches et admirer les sites les plus sacr\u00e9s de l&#039;\u00eele.<\/p>\n<\/div><div class=\"bde-code-block-189-106 bde-code-block\">\n\n  <iframe src=\"https:\/\/www.google.com\/maps\/embed?pb=!1m14!1m12!1m3!1d51833.39038829324!2d57.50437052270588!3d-20.264412692069897!2m3!1f0!2f0!3f0!3m2!1i1024!2i768!4f13.1!5e0!3m2!1sen!2smu!4v1763515066101!5m2!1sen!2smu\" width=\"100%\" height=\"450\" style=\"border:0;\" allowfullscreen=\"\" loading=\"lazy\" referrerpolicy=\"no-referrer-when-downgrade\"><\/iframe>\n\n\n<\/div><div class=\"bde-rich-text-189-107 bde-rich-text breakdance-rich-text-styles\">\n<h2>Quelle partie de l&#039;\u00eele Maurice est le centre ?<\/h2><p>Le Centre est un plateau \u00e9lev\u00e9 situ\u00e9 \u00e0 l&#039;int\u00e9rieur des terres, \u00e0 environ 400-600 m\u00e8tres au-dessus du niveau de la mer. Il comprend les principales villes r\u00e9sidentielles \u2014 Curepipe, Vacoas, Phoenix, Quatre Bornes, Rose Hill \u2014 et les zones commerciales modernes de Moka et Trianon.<\/p><p><strong>Principaux domaines que vous rencontrerez\u00a0:<\/strong><\/p><ul><li><p><strong>Moka (Bagatelle) :<\/strong> Accueil de <strong>Centre commercial Bagatelle<\/strong>, lieu de pr\u00e9dilection de longue date pour les repas conviviaux et le shopping, avec en toile de fond un magnifique panorama montagneux.<\/p><\/li><li><p><strong>Trianon (Tribeca Central) :<\/strong> Le nouveau p\u00f4le de loisirs g\u00e9ant de l&#039;\u00eele. <strong>Centre commercial Tribeca<\/strong> Il s&#039;agit du plus grand complexe de l&#039;oc\u00e9an Indien, c\u00e9l\u00e8bre pour son immense complexe cin\u00e9matographique, son bowling et son vaste espace de restauration.<\/p><\/li><li><p><strong>\u00c9b\u00e8ne :<\/strong> La \" Cybercit\u00e9 \" \u2014 le quartier des affaires et de la finance, regorgeant de gratte-ciel en verre, de professionnels et de bars \u00e0 happy hour.<\/p><\/li><li><p><strong>Pipe de cure :<\/strong> La ville la plus haute et la plus fra\u00eeche. Connue pour ses maisons coloniales et son volcan endormi. <strong>Trou aux Cerfs<\/strong>, et des usines de maquettes de bateaux.<\/p><\/li><li><p><strong>Quatre Bornes :<\/strong> C\u00e9l\u00e8bre pour son animation <strong>march\u00e9 textile en plein air<\/strong> (La foire) o\u00f9 les habitants ach\u00e8tent des v\u00eatements et des tissus \u00e0 prix abordables.<\/p><\/li><li><p><strong>Grand Bassin (Ganga Talao) :<\/strong> Un lac de crat\u00e8re situ\u00e9 au c\u0153ur du district de Savanne (accessible par le centre) qui constitue le site hindou le plus sacr\u00e9 de l&#039;\u00eele.<\/p><\/li><\/ul><p><strong>Aper\u00e7u local\u00a0:<\/strong> Le <strong>M\u00e9tro Express<\/strong> Le tramway relie les principales villes du centre (de Curepipe \u00e0 Rose Hill) \u00e0 Port Louis. Il s&#039;arr\u00eate \u00e9galement juste devant la ville. <strong>Centre commercial Tribeca<\/strong> (Gare d&#039;\u00c9b\u00e8ne\/Trianon), ce qui rend la visite incroyablement facile sans avoir \u00e0 louer de voiture.<\/p>\n<\/div><div class=\"bde-columns-189-108 bde-columns\"><div class=\"bde-column-189-109 bde-column\">\n  \n  \n\t\n\n\n\n<div class=\"bde-rich-text-189-110 bde-rich-text breakdance-rich-text-styles\">\n<h2>Quel temps fait-il?<\/h2><p>Le Centre poss\u00e8de une identit\u00e9 distincte <strong>microclimat<\/strong>. En raison de l&#039;altitude, il y fait nettement plus frais et plus humide que sur la c\u00f4te.<\/p><ul><li><p><strong>\u00c9t\u00e9 (nov.-avr.) :<\/strong> Chaleureux et agr\u00e9able (<strong>22-28\u00b0C<\/strong>Alors que la c\u00f4te \u00e9touffe sous la chaleur, le centre offre une brise rafra\u00eechissante. Il y pleut plus souvent, surtout l&#039;apr\u00e8s-midi.<\/p><\/li><li><p><strong>Hiver (mai-octobre) :<\/strong> Croquant et frais (<strong>15-22\u00b0C<\/strong>Il peut faire vraiment froid le soir (une veste sera n\u00e9cessaire). Le brouillard et la pluie sont fr\u00e9quents \u00e0 Curepipe, ce qui ajoute \u00e0 son charme romantique et myst\u00e9rieux.<\/p><\/li><\/ul>\n<\/div>\n<\/div><div class=\"bde-column-189-111 bde-column\">\n  \n  \n\t\n\n\n\n<div class=\"bde-shortcode-189-112 bde-shortcode\"><style id=\"sp_lw_dynamic_css164\">#splw-location-weather-164.splw-main-wrapper {max-width: 320px;margin : auto;margin-bottom: 2em;}#splw-location-weather-164.splw-main-wrapper.horizontal {max-width: 800px;}#splw-location-weather-164 .splw-lite-wrapper,#splw-location-weather-164 .splw-forecast-weather select,#splw-location-weather-164 .splw-forecast-weather option,#splw-location-weather-164 .splw-lite-wrapper .splw-weather-attribution a{text-decoration: none;}#splw-location-weather-164 .splw-lite-templates-body,#splw-location-weather-164 .splw-adv-forecast-days{padding : 16px 20px 10px 20px;}#splw-location-weather-164 .splw-weather-detailed-updated-time{padding : 0 20px 10px 20px;}#splw-location-weather-164 .splw-lite-wrapper{ border: 0px solid #e2e2e2;}#splw-location-weather-164 .splw-lite-wrapper .splw-lite-current-temp .splw-weather-icon{width: 58px;}#splw-location-weather-164 .splw-adv-forecast-days{padding-top : 0;color : #fff;margin-top : 0px;margin-bottom : 0px;}#splw-location-weather-164 .splw-lite-templates-body{padding-bottom : 0;}#splw-location-weather-164 .splw-lite-wrapper{border-radius: 8px;}#splw-location-weather-164 .splw-lite-daily-weather-details .details-icon i{color:#ffffff;}#splw-location-weather-164 .splw-lite-wrapper,#splw-location-weather-164 .splw-forecast-weather option{background:#1e73be}#splw-location-weather-164 .splw-lite-daily-weather-details.lw-center .splw-other-opt{text-align: center;}#splw-location-weather-164 .splw-weather-title{color: #000;margin-top: 0px;margin-bottom: 20px;}#splw-location-weather-164 .splw-lite-header-title{color: #fff;margin-top: 0px;margin-bottom: 10px;}#splw-location-weather-164 .splw-lite-current-time{color: #fff;margin-top: 0px;margin-bottom: 10px;}#splw-location-weather-164 .splw-cur-temp{color: #fff;margin-top: 0px;margin-bottom: 0px;}#splw-location-weather-164 .splw-lite-desc{color: #fff;margin-top: 20px;margin-bottom: 0px;}#splw-location-weather-164 .splw-lite-daily-weather-details{color: #fff;margin-top: 0px;margin-bottom: 0px;}#splw-location-weather-164 .splw-weather-details .splw-weather-icons {color: #fff;margin-top: 20px;margin-bottom: 0px;}#splw-location-weather-164 .lw-footer{margin-top: 0px;margin-bottom: 0px;}#splw-location-weather-164 .splw-weather-attribution a,#splw-location-weather-164 .splw-weather-attribution,#splw-location-weather-164 .splw-weather-detailed-updated-time a,#splw-location-weather-164 .splw-weather-updated-time{color: #fff;}#splw-location-weather-164.splw-main-wrapper {position: relative;}#lw-preloader-164{position: absolute;left: 0;top: 0;height: 100%;width: 100%;text-align: center;display: flex;align-items: center;justify-content: center;background: #fff;z-index: 9999;}<\/style><div id=\"splw-location-weather-164\" class=\"splw-main-wrapper\">\n\t\t\t\t<div class=\"splw-weather-title\">Sud<\/div>\n\t\t\t\t<div class=\"splw-lite-wrapper\">\n\t\t\t\t\t<div class=\"splw-warning\">Veuillez r\u00e9gler votre m\u00e9t\u00e9o <a href=\"https:\/\/getmauritius.com\/wp-admin\/edit.php?post_type=location_weather&page=lw-settings#tab=weather-api-key\" target=\"_blank\">Cl\u00e9 API.<\/a><\/div> \n\t\t\t\t\t<div class=\"splw-weather-attribution\">\n\t\t\t\t\t\t<a href=\"https:\/\/openweathermap.org\/api\" target=\"_blank\" rel=\"noopener\">M\u00e9t\u00e9o fournie par OpenWeatherMap<\/a>\n\t\t\t\t\t<\/div>\n\t\t\t\t<\/div>\n\t\t\t<\/div><\/div>\n<\/div><\/div><div class=\"bde-rich-text-189-113 bde-rich-text breakdance-rich-text-styles\">\n<h2>Quelle est l&#039;ambiance ?<\/h2><p>L&#039;ambiance au centre est <strong>urbain, social et vert<\/strong>. C&#039;est l\u00e0 que les Mauriciens vivent, vont \u00e0 l&#039;\u00e9cole et se retrouvent apr\u00e8s le travail.<\/p><ul><li><p><strong>Jour:<\/strong> Anim\u00e9es et dynamiques, les villes regorgent de boutiques et de navetteurs press\u00e9s. Les amoureux de la nature se dirigent vers <strong>7 Cascades (Chutes du Tamarin)<\/strong> \u00e0 Henrietta pour la randonn\u00e9e, tandis que les adeptes du shopping font la navette entre Bagatelle et Tribeca.<\/p><\/li><li><p><strong>La nuit :<\/strong> C&#039;est l&#039;alternative nocturne \u00e0 la plage. Alors que les villes r\u00e9sidentielles ferment t\u00f4t, <strong>Bagatelle<\/strong> et <strong>Centre commercial Tribeca<\/strong> Pour rester en vie tard dans la nuit, ce sont les endroits incontournables pour d\u00eener, aller au cin\u00e9ma et prendre un verre.<\/p><\/li><\/ul>\n<\/div><div class=\"bde-rich-text-189-114 bde-rich-text breakdance-rich-text-styles\">\n<h2>Le centre de l&#039;\u00eele Maurice est-il fait pour vous ?<\/h2><p>On ne s\u00e9journe g\u00e9n\u00e9ralement pas dans le centre-ville pour des vacances \u00e0 la plage. On y s\u00e9journe pour affaires, pour faire du shopping, pour profiter de la nature, ou pour des excursions \u00e0 la journ\u00e9e.<\/p><p><strong>C&#039;est parfait pour vous si :<\/strong><\/p><ul><li><p><strong>Vous \u00eates un(e) accro du shopping :<\/strong> Vous avez les \" trois grands \" \u00e0 moins de 10 minutes les uns des autres : Tribeca (moderne\/immense), Bagatelle (social\/ambiance) et Phoenix Mall (familial\/pratique).<\/p><\/li><li><p><strong>Vous \u00eates un chercheur de culture :<\/strong> Vous souhaitez visiter le lac sacr\u00e9 de Grand Bassin ou la maison coloniale Eureka.<\/p><\/li><li><p><strong>Vous \u00eates en voyage d&#039;affaires :<\/strong> \u00c9b\u00e8ne abrite le si\u00e8ge social de la plupart des entreprises internationales.<\/p><\/li><li><p><strong>Vous d\u00e9testez la chaleur :<\/strong> La baisse des temp\u00e9ratures est un soulagement si vous souffrez de l&#039;humidit\u00e9 tropicale.<\/p><\/li><\/ul><p><br><strong>Ce n&#039;est peut-\u00eatre pas pour vous si :<\/strong><\/p><ul><li><p><strong>Vous voulez la plage :<\/strong> La plage la plus proche est \u00e0 30-45 minutes en voiture.<\/p><\/li><li><p><strong>Vous recherchez le luxe d&#039;un complexe h\u00f4telier\u00a0:<\/strong> On y trouve d&#039;excellents h\u00f4tels d&#039;affaires, mais pas de vastes complexes h\u00f4teliers avec clubs pour enfants.<\/p><\/li><\/ul>\n<\/div><\/div>\n<\/section>","protected":false},"excerpt":{"rendered":"<p>Discover the Center of Mauritius Wild Coasts, Key Areas &amp; Authentic Vibe A First-Timer&#8217;s Guide to the Center of MauritiusThe Center of Mauritius (the &#8220;Central Plateau&#8221;) is the authentic, cultural, and commercial hub of the island. It is not a place for sunbathing; it is where you go to experience the local lifestyle, shop at [&hellip;]<\/p>","protected":false},"author":1,"featured_media":92,"parent":0,"menu_order":0,"comment_status":"closed","ping_status":"closed","template":"","meta":{"_breakdance_hide_in_design_set":false,"_breakdance_tags":"","footnotes":""},"class_list":["post-189","page","type-page","status-publish","has-post-thumbnail","hentry"],"_hostinger_reach_plugin_has_subscription_block":false,"_hostinger_reach_plugin_is_elementor":false,"_links":{"self":[{"href":"https:\/\/getmauritius.com\/fr\/wp-json\/wp\/v2\/pages\/189","targetHints":{"allow":["GET"]}}],"collection":[{"href":"https:\/\/getmauritius.com\/fr\/wp-json\/wp\/v2\/pages"}],"about":[{"href":"https:\/\/getmauritius.com\/fr\/wp-json\/wp\/v2\/types\/page"}],"author":[{"embeddable":true,"href":"https:\/\/getmauritius.com\/fr\/wp-json\/wp\/v2\/users\/1"}],"replies":[{"embeddable":true,"href":"https:\/\/getmauritius.com\/fr\/wp-json\/wp\/v2\/comments?post=189"}],"version-history":[{"count":4,"href":"https:\/\/getmauritius.com\/fr\/wp-json\/wp\/v2\/pages\/189\/revisions"}],"predecessor-version":[{"id":233,"href":"https:\/\/getmauritius.com\/fr\/wp-json\/wp\/v2\/pages\/189\/revisions\/233"}],"wp:featuredmedia":[{"embeddable":true,"href":"https:\/\/getmauritius.com\/fr\/wp-json\/wp\/v2\/media\/92"}],"wp:attachment":[{"href":"https:\/\/getmauritius.com\/fr\/wp-json\/wp\/v2\/media?parent=189"}],"curies":[{"name":"wp","href":"https:\/\/api.w.org\/{rel}","templated":true}]}}