{"id":182,"date":"2025-11-18T12:22:43","date_gmt":"2025-11-18T12:22:43","guid":{"rendered":"https:\/\/getmauritius.com\/?page_id=182"},"modified":"2026-03-24T17:06:08","modified_gmt":"2026-03-24T17:06:08","slug":"west","status":"publish","type":"page","link":"https:\/\/getmauritius.com\/fr\/west\/","title":{"rendered":"Ouest"},"content":{"rendered":"<style>.breakdance .bde-section-182-100{background-image:url(https:\/\/getmauritius.com\/wp-content\/uploads\/2025\/10\/West-Mauritius.webp)}.breakdance .bde-section-182-100>.section-background-overlay{background-color:var(--bde-palette-color-1-de464e85-4a55-4334-bf2e-dd23b63e5b20);transition:background-color var(--bde-transition-duration) ease-in-out}.breakdance .bde-section-182-100>.section-background-overlay{opacity:0.5}<\/style><section class=\"bde-section-182-100 bde-section\">\n              \n  \n  \n\t\n\n  <div class=\"section-background-overlay\"><\/div>\n\n\n<div class=\"section-container\"><div class=\"bde-div-182-101 bde-div\">\n  \n  \n\t\n\n\n\n<h1 class=\"bde-heading-182-102 bde-heading\">\nD\u00e9couvrez l&#039;ouest de l&#039;\u00eele Maurice\n<\/h1><div class=\"bde-rich-text-182-103 bde-rich-text breakdance-rich-text-styles\">\n<p>C\u00f4tes sauvages, sites incontournables et ambiance authentique<\/p>\n<\/div>\n<\/div><\/div>\n<\/section><section class=\"bde-section-182-104 bde-section\">\n  \n  \n\t\n\n\n\n<div class=\"section-container\"><div class=\"bde-rich-text-182-105 bde-rich-text breakdance-rich-text-styles\">\n<h2>Guide du novice pour d\u00e9couvrir l&#039;ouest de l&#039;\u00eele Maurice<\/h2><p>L&#039;ouest de l&#039;\u00eele Maurice est la partie la plus m\u00e9ridionale de l&#039;\u00eele. <b>r\u00e9gion la plus ensoleill\u00e9e et la plus s\u00e8che<\/b>, Surnomm\u00e9e la \" C\u00f4te du Coucher de Soleil \", elle offre un \u00e9quilibre parfait aux voyageurs qui recherchent un peu de tout : longues plages de sable fin, aventures en pleine nature, vie nocturne anim\u00e9e et le meilleur climat de l&#039;\u00eele toute l&#039;ann\u00e9e.<\/p>\n<\/div><div class=\"bde-code-block-182-106 bde-code-block\">\n\n  <iframe src=\"https:\/\/www.google.com\/maps\/embed?pb=!1m14!1m12!1m3!1d71199.83957830003!2d57.41398545964937!3d-20.301069428792243!2m3!1f0!2f0!3f0!3m2!1i1024!2i768!4f13.1!5e0!3m2!1sen!2smu!4v1763467808017!5m2!1sen!2smu\" width=\"100%\" height=\"450\" style=\"border:0;\" allowfullscreen=\"\" loading=\"lazy\" referrerpolicy=\"no-referrer-when-downgrade\"><\/iframe>\n\n\n<\/div><div class=\"bde-rich-text-182-107 bde-rich-text breakdance-rich-text-styles\">\n<h2>Quelle partie de l&#039;\u00eele Maurice est consid\u00e9r\u00e9e comme l&#039;Ouest ?<\/h2><p data-path-to-node=\"5\">L&#039;ouest englobe le district de Rivi\u00e8re Noire. Il s&#039;\u00e9tend de la ville touristique anim\u00e9e de Flic en Flac jusqu&#039;au village de surfeurs de Tamarin et au centre de p\u00eache hauturi\u00e8re de Rivi\u00e8re Noire. Bord\u00e9 par une cha\u00eene de montagnes spectaculaire, il offre un paysage unique o\u00f9 la plage rencontre la montagne.<\/p><p data-path-to-node=\"6\"><b>Principaux domaines que vous rencontrerez\u00a0:<\/b><\/p><ul data-path-to-node=\"7\"><li><p data-path-to-node=\"7,0,0\"><b>Flic en Flac:<\/b> Principal p\u00f4le touristique de l&#039;Ouest. On y trouve une tr\u00e8s longue plage publique bord\u00e9e de filaos, une multitude d&#039;\u00e9choppes de street food et une rue anim\u00e9e de restaurants et de bo\u00eetes de nuit.<\/p><\/li><li><p data-path-to-node=\"7,1,0\"><b>Tamarin:<\/b> Un village boh\u00e8me et d\u00e9contract\u00e9, c\u00e9l\u00e8bre pour son spot de surf (Dalber) et sa baie o\u00f9 l&#039;on aper\u00e7oit fr\u00e9quemment des dauphins le matin.<\/p><\/li><li><p data-path-to-node=\"7,2,0\"><b>Rivi\u00e8re Noire :<\/b> Quartier r\u00e9sidentiel plus hupp\u00e9. C&#039;est la porte d&#039;entr\u00e9e du parc national des Gorges de la Rivi\u00e8re Noire et un point de d\u00e9part id\u00e9al pour les croisi\u00e8res de luxe en catamaran et la p\u00eache en haute mer.<\/p><\/li><li><p data-path-to-node=\"7,3,0\"><b>Chamarel :<\/b> Situ\u00e9 dans les collines surplombant la c\u00f4te, ce village abrite les Terres des Sept Couleurs et la Rhumerie de Chamarel.<\/p><\/li><\/ul><p><b>Aper\u00e7u local\u00a0:<\/b> Flic en Flac et Tamarin offrent une exp\u00e9rience tr\u00e8s diff\u00e9rente. <b>Flic en Flac<\/b> C&#039;est l&#039;endroit id\u00e9al pour profiter de l&#039;animation locale et de la cuisine de rue (essayez le <i>Roti<\/i> ou <i>Kebab<\/i> camions), et la vie nocturne. <b>Tamarin<\/b> C&#039;est le lieu de rencontre des locaux et des expatri\u00e9s \u2014 ambiance surf, caf\u00e9s et bi\u00e8res au coucher du soleil sur la baie.<\/p>\n<\/div><div class=\"bde-columns-182-108 bde-columns\"><div class=\"bde-column-182-109 bde-column\">\n  \n  \n\t\n\n\n\n<div class=\"bde-rich-text-182-110 bde-rich-text breakdance-rich-text-styles\">\n<h2>Quel temps fait-il?<\/h2><p data-path-to-node=\"10\">La c\u00f4te ouest est celle qui se trouve du c\u00f4t\u00e9 oppos\u00e9 au vent, c&#039;est-\u00e0-dire qu&#039;elle est abrit\u00e9e des aliz\u00e9s du sud-est par les montagnes centrales. Cela en fait la <b>Le pari le plus s\u00fbr pour avoir du beau temps<\/b>, peu importe la date de votre visite.<\/p><ul data-path-to-node=\"11\"><li><p data-path-to-node=\"11,0,0\"><b>\u00c9t\u00e9 (nov.-avr.) :<\/b> Chaud et humide (<b>27-34\u00b0C<\/b>Il peut faire tr\u00e8s chaud ici l&#039;apr\u00e8s-midi. Les couchers de soleil en \u00e9t\u00e9 sont spectaculaires, teintant souvent le ciel de violet et d&#039;orange.<\/p><\/li><li><p data-path-to-node=\"11,1,0\"><b>Hiver (mai-octobre) :<\/b> <b>La meilleure r\u00e9gion pour voyager en hiver.<\/b> Alors que l&#039;Est devient venteux et frais, l&#039;Ouest reste chaud (<b>20-26\u00b0C<\/b>), sec et agr\u00e9able. Si vous venez en juillet ou en ao\u00fbt, r\u00e9servez votre h\u00f4tel \u00e0 l&#039;ouest (ou au nord) pour \u00e9viter le vent.<\/p><\/li><\/ul>\n<\/div>\n<\/div><div class=\"bde-column-182-111 bde-column\">\n  \n  \n\t\n\n\n\n<div class=\"bde-shortcode-182-112 bde-shortcode\"><style id=\"sp_lw_dynamic_css164\">#splw-location-weather-164.splw-main-wrapper {max-width: 320px;margin : auto;margin-bottom: 2em;}#splw-location-weather-164.splw-main-wrapper.horizontal {max-width: 800px;}#splw-location-weather-164 .splw-lite-wrapper,#splw-location-weather-164 .splw-forecast-weather select,#splw-location-weather-164 .splw-forecast-weather option,#splw-location-weather-164 .splw-lite-wrapper .splw-weather-attribution a{text-decoration: none;}#splw-location-weather-164 .splw-lite-templates-body,#splw-location-weather-164 .splw-adv-forecast-days{padding : 16px 20px 10px 20px;}#splw-location-weather-164 .splw-weather-detailed-updated-time{padding : 0 20px 10px 20px;}#splw-location-weather-164 .splw-lite-wrapper{ border: 0px solid #e2e2e2;}#splw-location-weather-164 .splw-lite-wrapper .splw-lite-current-temp .splw-weather-icon{width: 58px;}#splw-location-weather-164 .splw-adv-forecast-days{padding-top : 0;color : #fff;margin-top : 0px;margin-bottom : 0px;}#splw-location-weather-164 .splw-lite-templates-body{padding-bottom : 0;}#splw-location-weather-164 .splw-lite-wrapper{border-radius: 8px;}#splw-location-weather-164 .splw-lite-daily-weather-details .details-icon i{color:#ffffff;}#splw-location-weather-164 .splw-lite-wrapper,#splw-location-weather-164 .splw-forecast-weather option{background:#1e73be}#splw-location-weather-164 .splw-lite-daily-weather-details.lw-center .splw-other-opt{text-align: center;}#splw-location-weather-164 .splw-weather-title{color: #000;margin-top: 0px;margin-bottom: 20px;}#splw-location-weather-164 .splw-lite-header-title{color: #fff;margin-top: 0px;margin-bottom: 10px;}#splw-location-weather-164 .splw-lite-current-time{color: #fff;margin-top: 0px;margin-bottom: 10px;}#splw-location-weather-164 .splw-cur-temp{color: #fff;margin-top: 0px;margin-bottom: 0px;}#splw-location-weather-164 .splw-lite-desc{color: #fff;margin-top: 20px;margin-bottom: 0px;}#splw-location-weather-164 .splw-lite-daily-weather-details{color: #fff;margin-top: 0px;margin-bottom: 0px;}#splw-location-weather-164 .splw-weather-details .splw-weather-icons {color: #fff;margin-top: 20px;margin-bottom: 0px;}#splw-location-weather-164 .lw-footer{margin-top: 0px;margin-bottom: 0px;}#splw-location-weather-164 .splw-weather-attribution a,#splw-location-weather-164 .splw-weather-attribution,#splw-location-weather-164 .splw-weather-detailed-updated-time a,#splw-location-weather-164 .splw-weather-updated-time{color: #fff;}#splw-location-weather-164.splw-main-wrapper {position: relative;}#lw-preloader-164{position: absolute;left: 0;top: 0;height: 100%;width: 100%;text-align: center;display: flex;align-items: center;justify-content: center;background: #fff;z-index: 9999;}<\/style><div id=\"splw-location-weather-164\" class=\"splw-main-wrapper\">\n\t\t\t\t<div class=\"splw-weather-title\">Sud<\/div>\n\t\t\t\t<div class=\"splw-lite-wrapper\">\n\t\t\t\t\t<div class=\"splw-warning\">Veuillez r\u00e9gler votre m\u00e9t\u00e9o <a href=\"https:\/\/getmauritius.com\/wp-admin\/edit.php?post_type=location_weather&page=lw-settings#tab=weather-api-key\" target=\"_blank\">Cl\u00e9 API.<\/a><\/div> \n\t\t\t\t\t<div class=\"splw-weather-attribution\">\n\t\t\t\t\t\t<a href=\"https:\/\/openweathermap.org\/api\" target=\"_blank\" rel=\"noopener\">M\u00e9t\u00e9o fournie par OpenWeatherMap<\/a>\n\t\t\t\t\t<\/div>\n\t\t\t\t<\/div>\n\t\t\t<\/div><\/div>\n<\/div><\/div><div class=\"bde-rich-text-182-113 bde-rich-text breakdance-rich-text-styles\">\n<h2>Quelle est l&#039;ambiance ?<\/h2><p data-path-to-node=\"14\">L&#039;ambiance \u00e0 l&#039;Ouest est <b>dor\u00e9, sociable et amateur de plein air<\/b>. C&#039;est g\u00e9n\u00e9ralement plus d\u00e9tendu que la r\u00e9gion de Grand Baie au nord, mais plus anim\u00e9 que le sud, plus paisible.<\/p><ul data-path-to-node=\"15\"><li><p data-path-to-node=\"15,0,0\"><b>Jour:<\/b> Envie de sensations fortes ou de farniente\u00a0? \u00c0 vous de choisir. Nagez avec les dauphins le matin, randonnez dans les gorges de la Rivi\u00e8re Noire \u00e0 midi et surfez ou faites du paddle l\u2019apr\u00e8s-midi. C\u2019est aussi le point de d\u00e9part id\u00e9al pour explorer les parcs naturels de Casela.<\/p><\/li><li><p data-path-to-node=\"15,1,0\"><b>La nuit :<\/b> La culture du coucher de soleil est tr\u00e8s pr\u00e9sente ici. Tout le monde se dirige vers la plage vers 17h30 pour admirer le soleil dispara\u00eetre dans l&#039;oc\u00e9an. \u00c0 la nuit tomb\u00e9e, Flic en Flac propose<strong> bars et clubs anim\u00e9s<\/strong>, tandis que Tamarin propose des restaurants d\u00e9contract\u00e9s et des salles de concert.<\/p><\/li><\/ul>\n<\/div><div class=\"bde-rich-text-182-114 bde-rich-text breakdance-rich-text-styles\">\n<h2>L&#039;ouest de l&#039;\u00eele Maurice est-il fait pour vous ?<\/h2><p data-path-to-node=\"17\">L&#039;Ouest est la r\u00e9gion la plus polyvalente. Elle convient \u00e0 presque tout le monde\u00a0: familles, voyageurs en solo et couples. C&#039;est le choix id\u00e9al si vous privil\u00e9giez les couchers de soleil et la douceur du climat pendant l&#039;hiver mauricien.<\/p><p data-path-to-node=\"18\"><b>C&#039;est parfait pour vous si :<\/b><\/p><ul data-path-to-node=\"19\"><li><p data-path-to-node=\"19,0,0\"><b>Vous voulez voir le coucher de soleil sur l&#039;oc\u00e9an :<\/b> C&#039;est la seule c\u00f4te o\u00f9 le soleil se couche directement dans la mer.<\/p><\/li><li><p data-path-to-node=\"19,1,0\"><b>Vous nous rendez visite en hiver (mai-octobre)\u00a0:<\/b> Vous \u00e9chapperez aux aliz\u00e9s et profiterez de journ\u00e9es plus chaudes \u00e0 la plage.<\/p><\/li><li><p data-path-to-node=\"19,2,0\"><b>Vous aimez la nature et la randonn\u00e9e :<\/b> Vous \u00eates \u00e0 quelques minutes de l&#039;entr\u00e9e du parc national et du mont Le Morne.<\/p><\/li><li><p data-path-to-node=\"19,3,0\"><b>Vous voulez voir des dauphins :<\/b> La c\u00f4te ouest (Tamarin\/Black River) est la capitale de l&#039;\u00eele pour l&#039;observation des dauphins.<\/p><\/li><\/ul><p data-path-to-node=\"20\"><b><br \/>Ce n&#039;est peut-\u00eatre pas pour vous si :<\/b><\/p><ul data-path-to-node=\"21\"><li><p data-path-to-node=\"21,0,0\"><b>Vous souhaitez une plage isol\u00e9e et priv\u00e9e\u00a0:<\/b> Flic en Flac est une plage publique tr\u00e8s fr\u00e9quent\u00e9e par les locaux le week-end (ce qui est sympa, mais pas priv\u00e9).<\/p><\/li><li><p data-path-to-node=\"21,1,0\"><b>Vous souhaitez la plus forte concentration de complexes h\u00f4teliers de luxe\u00a0:<\/b> Bien qu&#039;il existe des h\u00f4tels 5 \u00e9toiles, <a href=\"https:\/\/getmauritius.com\/fr\/east\/\">Est<\/a> Elle pr\u00e9sente une plus forte densit\u00e9 de propri\u00e9t\u00e9s ultra-luxueuses et isol\u00e9es.<\/p><\/li><\/ul>\n<\/div><\/div>\n<\/section>","protected":false},"excerpt":{"rendered":"<p>Discover the West of Mauritius Wild Coasts, Key Areas &amp; Authentic Vibe A First-Timer&#8217;s Guide to the West of MauritiusThe West of Mauritius is the island\u2019s sunniest and driest region, famously known as the &#8220;Sunset Coast.&#8221; It offers the perfect balance for travelers who want a bit of everything: long sandy beaches, active nature adventures, [&hellip;]<\/p>","protected":false},"author":1,"featured_media":91,"parent":0,"menu_order":0,"comment_status":"closed","ping_status":"closed","template":"","meta":{"_breakdance_hide_in_design_set":false,"_breakdance_tags":"","footnotes":""},"class_list":["post-182","page","type-page","status-publish","has-post-thumbnail","hentry"],"_hostinger_reach_plugin_has_subscription_block":false,"_hostinger_reach_plugin_is_elementor":false,"_links":{"self":[{"href":"https:\/\/getmauritius.com\/fr\/wp-json\/wp\/v2\/pages\/182","targetHints":{"allow":["GET"]}}],"collection":[{"href":"https:\/\/getmauritius.com\/fr\/wp-json\/wp\/v2\/pages"}],"about":[{"href":"https:\/\/getmauritius.com\/fr\/wp-json\/wp\/v2\/types\/page"}],"author":[{"embeddable":true,"href":"https:\/\/getmauritius.com\/fr\/wp-json\/wp\/v2\/users\/1"}],"replies":[{"embeddable":true,"href":"https:\/\/getmauritius.com\/fr\/wp-json\/wp\/v2\/comments?post=182"}],"version-history":[{"count":5,"href":"https:\/\/getmauritius.com\/fr\/wp-json\/wp\/v2\/pages\/182\/revisions"}],"predecessor-version":[{"id":230,"href":"https:\/\/getmauritius.com\/fr\/wp-json\/wp\/v2\/pages\/182\/revisions\/230"}],"wp:featuredmedia":[{"embeddable":true,"href":"https:\/\/getmauritius.com\/fr\/wp-json\/wp\/v2\/media\/91"}],"wp:attachment":[{"href":"https:\/\/getmauritius.com\/fr\/wp-json\/wp\/v2\/media?parent=182"}],"curies":[{"name":"wp","href":"https:\/\/api.w.org\/{rel}","templated":true}]}}