{"id":174,"date":"2025-11-18T12:05:39","date_gmt":"2025-11-18T12:05:39","guid":{"rendered":"https:\/\/getmauritius.com\/?page_id=174"},"modified":"2026-03-24T17:22:31","modified_gmt":"2026-03-24T17:22:31","slug":"east","status":"publish","type":"page","link":"https:\/\/getmauritius.com\/fr\/east\/","title":{"rendered":"Est"},"content":{"rendered":"<style>.breakdance .bde-section-174-100{background-image:url(https:\/\/getmauritius.com\/wp-content\/uploads\/2025\/10\/East-Mauritius.webp);background-size:cover;background-repeat:no-repeat;background-position:center bottom;background-attachment:fixed}.breakdance .bde-section-174-100>.section-background-overlay{background-color:#000;transition:background-color var(--bde-transition-duration) ease-in-out}.breakdance .bde-section-174-100>.section-background-overlay{opacity:0.5}<\/style><section class=\"bde-section-174-100 bde-section\">\n              \n  \n  \n\t\n\n  <div class=\"section-background-overlay\"><\/div>\n\n\n<div class=\"section-container\"><div class=\"bde-div-174-101 bde-div\">\n  \n  \n\t\n\n\n\n<h1 class=\"bde-heading-174-102 bde-heading\">\nD\u00e9couvrez l&#039;est de l&#039;\u00eele Maurice\n<\/h1><div class=\"bde-rich-text-174-103 bde-rich-text breakdance-rich-text-styles\">\n<p>C\u00f4tes sauvages, sites incontournables et ambiance authentique<\/p>\n<\/div>\n<\/div><\/div>\n<\/section><section class=\"bde-section-174-104 bde-section\">\n  \n  \n\t\n\n\n\n<div class=\"section-container\"><div class=\"bde-rich-text-174-105 bde-rich-text breakdance-rich-text-styles\">\n<h2>Guide du novice pour d\u00e9couvrir l&#039;est de l&#039;\u00eele Maurice<\/h2><p>L&#039;est de l&#039;\u00eele Maurice est la partie la plus orientale de l&#039;\u00eele. <b>C\u00f4te glamour<\/b>, R\u00e9put\u00e9e pour ses immenses \u00e9tendues de sable blanc, ses lagons turquoise et son cadre luxueux et isol\u00e9, elle est le choix id\u00e9al pour les voyageurs en qu\u00eate de complexes h\u00f4teliers haut de gamme, de parcours de golf de renomm\u00e9e mondiale et des plages les plus paradisiaques de l&#039;\u00eele. <strong>Belle Mare<\/strong> et<strong> \u00cele aux Cerfs<\/strong>.<\/p>\n<\/div><div class=\"bde-code-block-174-106 bde-code-block\">\n\n  <iframe src=\"https:\/\/www.google.com\/maps\/embed?pb=!1m14!1m12!1m3!1d84697.55018308727!2d57.71358997239685!3d-20.253100125692065!2m3!1f0!2f0!3f0!3m2!1i1024!2i768!4f13.1!5e0!3m2!1sen!2smu!4v1763466985353!5m2!1sen!2smu\" width=\"100%\" height=\"450\" style=\"border:0;\" allowfullscreen=\"\" loading=\"lazy\" referrerpolicy=\"no-referrer-when-downgrade\"><\/iframe>\n\n\n<\/div><div class=\"bde-rich-text-174-107 bde-rich-text breakdance-rich-text-styles\">\n<h2>Quelle partie de l&#039;\u00eele Maurice est consid\u00e9r\u00e9e comme l&#039;Est ?<\/h2><p data-path-to-node=\"6\">L&#039;Est couvre principalement le <b>District de Flacq<\/b>, S&#039;\u00e9tendant de la c\u00f4te rocheuse des Roches Noires au nord jusqu&#039;au village de p\u00eacheurs de Trou d&#039;Eau Douce, la r\u00e9gion offre une atmosph\u00e8re plus exclusive et plus \u00e9tendue que le nord anim\u00e9 ou l&#039;ouest urbanis\u00e9.<\/p><p data-path-to-node=\"7\"><b>Principaux domaines que vous rencontrerez\u00a0:<\/b><\/p><ul data-path-to-node=\"8\"><li><p data-path-to-node=\"8,0,0\"><b>Belle Mare :<\/b> V\u00e9ritable joyau de l&#039;Est, cette plage de sable blanc immacul\u00e9 s&#039;\u00e9tend sur des kilom\u00e8tres et abrite de nombreux h\u00f4tels 5 \u00e9toiles parmi les plus prestigieux de l&#039;\u00eele.<\/p><\/li><li><p data-path-to-node=\"8,1,0\"><b>Trou d&#039;Eau Douce:<\/b> Un charmant village de p\u00eacheurs qui sert de principal point de d\u00e9part pour les excursions en bateau vers l&#039;\u00cele aux Cerfs.<\/p><\/li><li><p data-path-to-node=\"8,2,0\"><b>\u00cele aux Cerfs :<\/b> Un \u00eelot renomm\u00e9 \u00e0 l&#039;int\u00e9rieur du lagon, avec des eaux cristallines, des sports nautiques et un parcours de golf de championnat.<\/p><\/li><li><p data-path-to-node=\"8,3,0\"><b>Poste de Flacq:<\/b> Une p\u00e9ninsule tranquille et hupp\u00e9e, r\u00e9put\u00e9e pour ses h\u00f4tels de luxe (comme le Constance Prince Maurice) et ses mangroves.<\/p><\/li><li><p data-path-to-node=\"8,4,0\"><b>March\u00e9 de Flacq :<\/b> Le plus grand march\u00e9 en plein air de l&#039;\u00eele Maurice, situ\u00e9 \u00e0 Centre de Flacq (\u00e0 environ 15 minutes \u00e0 l&#039;int\u00e9rieur des terres depuis la c\u00f4te).<\/p><\/li><\/ul><p data-path-to-node=\"9,0\"><b>Aper\u00e7u local\u00a0:<\/b> L&#039;Est est moins urbanis\u00e9 que le Nord. Vous n&#039;y trouverez pas de longues rues bord\u00e9es de bars et de boutiques\u00a0; en revanche, de vastes champs de canne \u00e0 sucre s\u00e9parent de magnifiques stations baln\u00e9aires isol\u00e9es.<\/p>\n<\/div><div class=\"bde-columns-174-108 bde-columns\"><div class=\"bde-column-174-109 bde-column\">\n  \n  \n\t\n\n\n\n<div class=\"bde-rich-text-174-110 bde-rich-text breakdance-rich-text-styles\">\n<h2>Quel temps fait-il?<\/h2><p data-path-to-node=\"11\">La c\u00f4te est, expos\u00e9e aux aliz\u00e9s venant du sud-est, pr\u00e9sente un climat diff\u00e9rent de celui de la c\u00f4te ouest, abrit\u00e9e.<\/p><ul data-path-to-node=\"12\"><li><p data-path-to-node=\"12,0,0\"><b>\u00c9t\u00e9 (nov.-avr.) :<\/b> <b>Le meilleur moment pour s\u00e9journer dans l&#039;Est.<\/b> Les temp\u00e9ratures varient de <b>26-33\u00b0C<\/b>. La brise marine agit comme une climatisation naturelle, rendant la chaleur humide de l&#039;\u00e9t\u00e9 beaucoup plus supportable ici qu&#039;ailleurs sur l&#039;\u00eele.<\/p><\/li><li><p data-path-to-node=\"12,1,0\"><b>Hiver (mai-octobre) :<\/b> Vent\u00e9 et plus frais (<b>20-25\u00b0C<\/b>Le vent se l\u00e8ve nettement. Si l&#039;endroit est un paradis pour les kitesurfeurs et les navigateurs, il peut \u00eatre trop venteux pour bronzer sur la plage en plein hiver (juillet\/ao\u00fbt).<\/p><\/li><\/ul>\n<\/div>\n<\/div><div class=\"bde-column-174-111 bde-column\">\n  \n  \n\t\n\n\n\n<div class=\"bde-shortcode-174-112 bde-shortcode\"><style id=\"sp_lw_dynamic_css164\">#splw-location-weather-164.splw-main-wrapper {max-width: 320px;margin : auto;margin-bottom: 2em;}#splw-location-weather-164.splw-main-wrapper.horizontal {max-width: 800px;}#splw-location-weather-164 .splw-lite-wrapper,#splw-location-weather-164 .splw-forecast-weather select,#splw-location-weather-164 .splw-forecast-weather option,#splw-location-weather-164 .splw-lite-wrapper .splw-weather-attribution a{text-decoration: none;}#splw-location-weather-164 .splw-lite-templates-body,#splw-location-weather-164 .splw-adv-forecast-days{padding : 16px 20px 10px 20px;}#splw-location-weather-164 .splw-weather-detailed-updated-time{padding : 0 20px 10px 20px;}#splw-location-weather-164 .splw-lite-wrapper{ border: 0px solid #e2e2e2;}#splw-location-weather-164 .splw-lite-wrapper .splw-lite-current-temp .splw-weather-icon{width: 58px;}#splw-location-weather-164 .splw-adv-forecast-days{padding-top : 0;color : #fff;margin-top : 0px;margin-bottom : 0px;}#splw-location-weather-164 .splw-lite-templates-body{padding-bottom : 0;}#splw-location-weather-164 .splw-lite-wrapper{border-radius: 8px;}#splw-location-weather-164 .splw-lite-daily-weather-details .details-icon i{color:#ffffff;}#splw-location-weather-164 .splw-lite-wrapper,#splw-location-weather-164 .splw-forecast-weather option{background:#1e73be}#splw-location-weather-164 .splw-lite-daily-weather-details.lw-center .splw-other-opt{text-align: center;}#splw-location-weather-164 .splw-weather-title{color: #000;margin-top: 0px;margin-bottom: 20px;}#splw-location-weather-164 .splw-lite-header-title{color: #fff;margin-top: 0px;margin-bottom: 10px;}#splw-location-weather-164 .splw-lite-current-time{color: #fff;margin-top: 0px;margin-bottom: 10px;}#splw-location-weather-164 .splw-cur-temp{color: #fff;margin-top: 0px;margin-bottom: 0px;}#splw-location-weather-164 .splw-lite-desc{color: #fff;margin-top: 20px;margin-bottom: 0px;}#splw-location-weather-164 .splw-lite-daily-weather-details{color: #fff;margin-top: 0px;margin-bottom: 0px;}#splw-location-weather-164 .splw-weather-details .splw-weather-icons {color: #fff;margin-top: 20px;margin-bottom: 0px;}#splw-location-weather-164 .lw-footer{margin-top: 0px;margin-bottom: 0px;}#splw-location-weather-164 .splw-weather-attribution a,#splw-location-weather-164 .splw-weather-attribution,#splw-location-weather-164 .splw-weather-detailed-updated-time a,#splw-location-weather-164 .splw-weather-updated-time{color: #fff;}#splw-location-weather-164.splw-main-wrapper {position: relative;}#lw-preloader-164{position: absolute;left: 0;top: 0;height: 100%;width: 100%;text-align: center;display: flex;align-items: center;justify-content: center;background: #fff;z-index: 9999;}<\/style><div id=\"splw-location-weather-164\" class=\"splw-main-wrapper\">\n\t\t\t\t<div class=\"splw-weather-title\">Sud<\/div>\n\t\t\t\t<div class=\"splw-lite-wrapper\">\n\t\t\t\t\t<div class=\"splw-warning\">Veuillez r\u00e9gler votre m\u00e9t\u00e9o <a href=\"https:\/\/getmauritius.com\/wp-admin\/edit.php?post_type=location_weather&page=lw-settings#tab=weather-api-key\" target=\"_blank\">Cl\u00e9 API.<\/a><\/div> \n\t\t\t\t\t<div class=\"splw-weather-attribution\">\n\t\t\t\t\t\t<a href=\"https:\/\/openweathermap.org\/api\" target=\"_blank\" rel=\"noopener\">M\u00e9t\u00e9o fournie par OpenWeatherMap<\/a>\n\t\t\t\t\t<\/div>\n\t\t\t\t<\/div>\n\t\t\t<\/div><\/div>\n<\/div><\/div><div class=\"bde-rich-text-174-113 bde-rich-text breakdance-rich-text-styles\">\n<h2>Quelle est l&#039;ambiance ?<\/h2><p data-path-to-node=\"15\">L&#039;ambiance \u00e0 l&#039;Est est <b>sophistiqu\u00e9, lent et aquatique<\/b>. C&#039;est le terrain de jeu des voyageurs de luxe et des passionn\u00e9s de golf. Contrairement au Nord, qui vibre d&#039;\u00e9nergie, l&#039;Est est synonyme d&#039;intimit\u00e9 et de d\u00e9tente.<\/p><ul data-path-to-node=\"16\"><li><p data-path-to-node=\"16,0,0\"><b>Jour:<\/b> Ax\u00e9e sur l&#039;oc\u00e9an et la verdure, la vie s&#039;organise autour de la plage, des excursions en bateau vers les \u00eelots (l&#039;\u00cele aux Cerfs ou l&#039;\u00cele aux Aigrettes, \u00e0 proximit\u00e9) et des parties de golf sur des parcours de renomm\u00e9e mondiale con\u00e7us par des l\u00e9gendes comme Bernhard Langer et Ernie Els.<\/p><\/li><li><p data-path-to-node=\"16,1,0\"><b>La nuit :<\/b> Tr\u00e8s calme. Les divertissements se concentrent presque exclusivement dans les complexes h\u00f4teliers. Ne vous attendez pas \u00e0 trouver une rue pleine de bo\u00eetes de nuit en sortant de votre h\u00f4tel\u00a0; on s\u00e9journe dans l\u2019Est pour se d\u00e9connecter.<\/p><\/li><\/ul>\n<\/div><div class=\"bde-rich-text-174-114 bde-rich-text breakdance-rich-text-styles\">\n<h2>L&#039;est de l&#039;\u00eele Maurice est-il fait pour vous ?<\/h2><p data-path-to-node=\"18\">Optez pour la c\u00f4te Est si vous recherchez l&#039;esth\u00e9tique classique du \" paradis tropical \" \u2014 sable blanc immacul\u00e9 et eau turquoise \u2014 alli\u00e9e \u00e0 un service de luxe. C&#039;est l&#039;endroit id\u00e9al pour les jeunes mari\u00e9s et les golfeurs qui appr\u00e9cient le calme et la tranquillit\u00e9.<\/p><p data-path-to-node=\"19\"><b>C&#039;est parfait pour vous si :<\/b><\/p><ul data-path-to-node=\"20\"><li><p data-path-to-node=\"20,0,0\"><b>Tu es un snob de la plage :<\/b> Belle Mare est sans doute la meilleure plage de l&#039;\u00eele pour la baignade et la promenade.<\/p><\/li><li><p data-path-to-node=\"20,0,0\"><b>Vous aimez le golf :<\/b> Cette r\u00e9gion poss\u00e8de la plus forte concentration de parcours de championnat.<\/p><\/li><li><p data-path-to-node=\"20,2,0\"><b>Vous \u00eates un l\u00e8ve-t\u00f4t :<\/b> Vivre sur la c\u00f4te Est, c&#039;est admirer chaque matin des levers de soleil spectaculaires sur l&#039;oc\u00e9an.<\/p><\/li><li><p data-path-to-node=\"20,3,0\"><b>Vous venez en \u00e9t\u00e9 :<\/b> La brise rend la chaleur agr\u00e9able.<\/p><\/li><\/ul><p data-path-to-node=\"21\">\u00a0<\/p><p data-path-to-node=\"21\"><b>Ce n&#039;est peut-\u00eatre pas pour vous si :<\/b><\/p><ul data-path-to-node=\"22\"><li><p data-path-to-node=\"22,0,0\"><b>Vous voulez une vue sur le coucher du soleil\u00a0:<\/b> Ici, le soleil se couche derri\u00e8re les montagnes ; pour admirer les couchers de soleil sur l&#039;oc\u00e9an, rendez-vous \u00e0 Flic en Flac (Ouest).<\/p><\/li><li><p data-path-to-node=\"22,1,0\"><b>Vous recherchez la vie nocturne et la cuisine de rue\u00a0:<\/b> Vous ne trouverez pas de \" bande \" de restaurants et de bars accessible \u00e0 pied.<\/p><\/li><li><p data-path-to-node=\"22,2,0\"><b>Vous venez nous rendre visite en juillet\/ao\u00fbt\u00a0:<\/b> \u00c0 moins de faire du kitesurf, le vent risque d&#039;\u00eatre trop fort pour une journ\u00e9e de d\u00e9tente \u00e0 la plage.<\/p><\/li><\/ul>\n<\/div><\/div>\n<\/section>","protected":false},"excerpt":{"rendered":"<p>Discover the East of Mauritius Wild Coasts, Key Areas &amp; Authentic Vibe A First-Timer&#8217;s Guide to the East of MauritiusThe East of Mauritius is the island\u2019s glamour coast, renowned for endless stretches of white sand, turquoise lagoons, and high-end seclusion. It is the best choice for travelers seeking luxury resorts, world-class golf courses, and the [&hellip;]<\/p>","protected":false},"author":1,"featured_media":88,"parent":0,"menu_order":0,"comment_status":"closed","ping_status":"closed","template":"","meta":{"_breakdance_hide_in_design_set":false,"_breakdance_tags":"","footnotes":""},"class_list":["post-174","page","type-page","status-publish","has-post-thumbnail","hentry"],"_hostinger_reach_plugin_has_subscription_block":false,"_hostinger_reach_plugin_is_elementor":false,"_links":{"self":[{"href":"https:\/\/getmauritius.com\/fr\/wp-json\/wp\/v2\/pages\/174","targetHints":{"allow":["GET"]}}],"collection":[{"href":"https:\/\/getmauritius.com\/fr\/wp-json\/wp\/v2\/pages"}],"about":[{"href":"https:\/\/getmauritius.com\/fr\/wp-json\/wp\/v2\/types\/page"}],"author":[{"embeddable":true,"href":"https:\/\/getmauritius.com\/fr\/wp-json\/wp\/v2\/users\/1"}],"replies":[{"embeddable":true,"href":"https:\/\/getmauritius.com\/fr\/wp-json\/wp\/v2\/comments?post=174"}],"version-history":[{"count":7,"href":"https:\/\/getmauritius.com\/fr\/wp-json\/wp\/v2\/pages\/174\/revisions"}],"predecessor-version":[{"id":238,"href":"https:\/\/getmauritius.com\/fr\/wp-json\/wp\/v2\/pages\/174\/revisions\/238"}],"wp:featuredmedia":[{"embeddable":true,"href":"https:\/\/getmauritius.com\/fr\/wp-json\/wp\/v2\/media\/88"}],"wp:attachment":[{"href":"https:\/\/getmauritius.com\/fr\/wp-json\/wp\/v2\/media?parent=174"}],"curies":[{"name":"wp","href":"https:\/\/api.w.org\/{rel}","templated":true}]}}