{"id":161,"date":"2025-11-06T21:15:37","date_gmt":"2025-11-06T21:15:37","guid":{"rendered":"https:\/\/getmauritius.com\/?page_id=161"},"modified":"2026-03-24T17:18:54","modified_gmt":"2026-03-24T17:18:54","slug":"south","status":"publish","type":"page","link":"https:\/\/getmauritius.com\/fr\/south\/","title":{"rendered":"Sud"},"content":{"rendered":"<style>.breakdance .bde-section-161-100{background-image:url(https:\/\/getmauritius.com\/wp-content\/uploads\/2025\/10\/South-Mauritius.webp);background-size:cover;background-repeat:no-repeat;background-attachment:fixed}.breakdance .bde-section-161-100>.section-background-overlay{background-color:#000;transition:background-color var(--bde-transition-duration) ease-in-out}.breakdance .bde-section-161-100>.section-background-overlay{opacity:0.5}<\/style><section class=\"bde-section-161-100 bde-section\">\n              \n  \n  \n\t\n\n  <div class=\"section-background-overlay\"><\/div>\n\n\n<div class=\"section-container\"><div class=\"bde-div-161-101 bde-div\">\n  \n  \n\t\n\n\n\n<h1 class=\"bde-heading-161-102 bde-heading\">\nD\u00e9couvrez le sud de l&#039;\u00eele Maurice\n<\/h1><div class=\"bde-rich-text-161-103 bde-rich-text breakdance-rich-text-styles\">\n<p>C\u00f4tes sauvages, sites incontournables et ambiance authentique<\/p>\n<\/div>\n<\/div><\/div>\n<\/section><section class=\"bde-section-161-104 bde-section\">\n  \n  \n\t\n\n\n\n<div class=\"section-container\"><div class=\"bde-rich-text-161-105 bde-rich-text breakdance-rich-text-styles\">\n<h2>Guide du novice pour d\u00e9couvrir le sud de l&#039;\u00eele Maurice<\/h2><p>Le sud de l&#039;\u00eele Maurice est la partie la plus \u00e9tendue de l&#039;\u00eele. <strong>c\u0153ur sauvage et authentique<\/strong>. C&#039;est l&#039;endroit id\u00e9al pour les voyageurs qui souhaitent troquer les stations baln\u00e9aires anim\u00e9es contre des falaises escarp\u00e9es, des randonn\u00e9es en pleine nature et une immersion authentique dans la culture cr\u00e9ole. Cette r\u00e9gion est moins ax\u00e9e sur la vie nocturne que sur ses paysages spectaculaires, \u00e0 commencer par l&#039;embl\u00e9matique <strong>Le Morne Brabant<\/strong> au village historique de <strong>Mah\u00e9bourg<\/strong>.<\/p>\n<\/div><div class=\"bde-code-block-161-115 bde-code-block\">\n\n  <iframe src=\"https:\/\/www.google.com\/maps\/embed?pb=!1m14!1m12!1m3!1d86118.05973345198!2d57.51082048701932!3d-20.472293051325153!2m3!1f0!2f0!3f0!3m2!1i1024!2i768!4f13.1!5e0!3m2!1sen!2smu!4v1762463047665!5m2!1sen!2smu\" width=\"100%\" height=\"450\" style=\"border:0;\" allowfullscreen=\"\" loading=\"lazy\" referrerpolicy=\"no-referrer-when-downgrade\"><\/iframe>\n\n\n<\/div><div class=\"bde-rich-text-161-107 bde-rich-text breakdance-rich-text-styles\">\n<h2>Quelle partie de l&#039;\u00eele Maurice est le Sud ?<\/h2><p>Le Sud couvre le <strong>district de Savanne<\/strong> et une partie de <strong>quartier du Grand-Port<\/strong>. Il s&#039;\u00e9tend depuis l&#039;embl\u00e9matique <strong>Le Morne Brabant<\/strong> p\u00e9ninsule au sud-ouest, vents le long de la c\u00f4te \u00e0 travers <strong>Souillac<\/strong> (le point le plus m\u00e9ridional de l&#039;\u00eele), et s&#039;\u00e9tend jusqu&#039;au village historique de <strong>Mah\u00e9bourg<\/strong> dans le sud-est.<\/p><p>Principaux domaines que vous rencontrerez\u00a0:<\/p><ul><li><p><strong>Le Morne :<\/strong> C\u00e9l\u00e8bre pour sa montagne inscrite au patrimoine mondial de l&#039;UNESCO et ses spots de kitesurf de renomm\u00e9e mondiale.<\/p><\/li><li><p><strong>Bel Ombre :<\/strong> Une zone cl\u00e9 abritant des complexes h\u00f4teliers de luxe dans un cadre naturel luxuriant.<\/p><\/li><li><p><strong>Souillac :<\/strong> Un village c\u00f4tier accident\u00e9, c\u00e9l\u00e8bre pour ses paysages spectaculaires. <strong>Gris Gris<\/strong> falaises.<\/p><\/li><li><p><strong>Baie du Cap:<\/strong> Un petit village situ\u00e9 sur la route c\u00f4ti\u00e8re pittoresque, c\u00e9l\u00e8bre pour <strong>Macond\u00e9<\/strong> point de vue.<\/p><\/li><li><p><strong>Mah\u00e9bourg :<\/strong> Un village de p\u00eacheurs historique situ\u00e9 sur la c\u00f4te sud-est, \u00e0 proximit\u00e9 de l&#039;a\u00e9roport, r\u00e9put\u00e9 pour son architecture cr\u00e9ole et son march\u00e9 local.<\/p><\/li><\/ul>\n<\/div><div class=\"bde-columns-161-108 bde-columns\"><div class=\"bde-column-161-109 bde-column\">\n  \n  \n\t\n\n\n\n<div class=\"bde-rich-text-161-110 bde-rich-text breakdance-rich-text-styles\">\n<h2>Quel temps fait-il?<\/h2><p>Le sud conna\u00eet les m\u00eames saisons tropicales que le reste de l&#039;\u00eele Maurice, mais il peut y faire tr\u00e8s chaud. <strong>plus de vent et un peu plus frais<\/strong> que le nord abrit\u00e9. Cela est particuli\u00e8rement vrai sur la c\u00f4te sud-est (comme \u00e0 Mah\u00e9bourg) pendant les mois d&#039;hiver (mai-septembre) lorsque les aliz\u00e9s sont les plus forts.<\/p><ul><li><p><strong>\u00c9t\u00e9 (nov.-avr.) :<\/strong> Chaud et humide (26-33\u00b0C). C&#039;est la saison des pluies, mais les averses sont g\u00e9n\u00e9ralement br\u00e8ves et rendent les chutes d&#039;eau (comme les chutes de Rochester) encore plus impressionnantes.<\/p><\/li><li><p><strong>Hiver (mai-octobre) :<\/strong> Plus doux et plus sec (19-27 \u00b0C). C&#039;est la saison des vents, id\u00e9ale pour le kitesurf mais qui peut \u00eatre fra\u00eeche sur les falaises de Gris Gris.<\/p><\/li><\/ul>\n<\/div>\n<\/div><div class=\"bde-column-161-111 bde-column\">\n  \n  \n\t\n\n\n\n<div class=\"bde-shortcode-161-112 bde-shortcode\"><style id=\"sp_lw_dynamic_css164\">#splw-location-weather-164.splw-main-wrapper {max-width: 320px;margin : auto;margin-bottom: 2em;}#splw-location-weather-164.splw-main-wrapper.horizontal {max-width: 800px;}#splw-location-weather-164 .splw-lite-wrapper,#splw-location-weather-164 .splw-forecast-weather select,#splw-location-weather-164 .splw-forecast-weather option,#splw-location-weather-164 .splw-lite-wrapper .splw-weather-attribution a{text-decoration: none;}#splw-location-weather-164 .splw-lite-templates-body,#splw-location-weather-164 .splw-adv-forecast-days{padding : 16px 20px 10px 20px;}#splw-location-weather-164 .splw-weather-detailed-updated-time{padding : 0 20px 10px 20px;}#splw-location-weather-164 .splw-lite-wrapper{ border: 0px solid #e2e2e2;}#splw-location-weather-164 .splw-lite-wrapper .splw-lite-current-temp .splw-weather-icon{width: 58px;}#splw-location-weather-164 .splw-adv-forecast-days{padding-top : 0;color : #fff;margin-top : 0px;margin-bottom : 0px;}#splw-location-weather-164 .splw-lite-templates-body{padding-bottom : 0;}#splw-location-weather-164 .splw-lite-wrapper{border-radius: 8px;}#splw-location-weather-164 .splw-lite-daily-weather-details .details-icon i{color:#ffffff;}#splw-location-weather-164 .splw-lite-wrapper,#splw-location-weather-164 .splw-forecast-weather option{background:#1e73be}#splw-location-weather-164 .splw-lite-daily-weather-details.lw-center .splw-other-opt{text-align: center;}#splw-location-weather-164 .splw-weather-title{color: #000;margin-top: 0px;margin-bottom: 20px;}#splw-location-weather-164 .splw-lite-header-title{color: #fff;margin-top: 0px;margin-bottom: 10px;}#splw-location-weather-164 .splw-lite-current-time{color: #fff;margin-top: 0px;margin-bottom: 10px;}#splw-location-weather-164 .splw-cur-temp{color: #fff;margin-top: 0px;margin-bottom: 0px;}#splw-location-weather-164 .splw-lite-desc{color: #fff;margin-top: 20px;margin-bottom: 0px;}#splw-location-weather-164 .splw-lite-daily-weather-details{color: #fff;margin-top: 0px;margin-bottom: 0px;}#splw-location-weather-164 .splw-weather-details .splw-weather-icons {color: #fff;margin-top: 20px;margin-bottom: 0px;}#splw-location-weather-164 .lw-footer{margin-top: 0px;margin-bottom: 0px;}#splw-location-weather-164 .splw-weather-attribution a,#splw-location-weather-164 .splw-weather-attribution,#splw-location-weather-164 .splw-weather-detailed-updated-time a,#splw-location-weather-164 .splw-weather-updated-time{color: #fff;}#splw-location-weather-164.splw-main-wrapper {position: relative;}#lw-preloader-164{position: absolute;left: 0;top: 0;height: 100%;width: 100%;text-align: center;display: flex;align-items: center;justify-content: center;background: #fff;z-index: 9999;}<\/style><div id=\"splw-location-weather-164\" class=\"splw-main-wrapper\">\n\t\t\t\t<div class=\"splw-weather-title\">Sud<\/div>\n\t\t\t\t<div class=\"splw-lite-wrapper\">\n\t\t\t\t\t<div class=\"splw-warning\">Veuillez r\u00e9gler votre m\u00e9t\u00e9o <a href=\"https:\/\/getmauritius.com\/wp-admin\/edit.php?post_type=location_weather&page=lw-settings#tab=weather-api-key\" target=\"_blank\">Cl\u00e9 API.<\/a><\/div> \n\t\t\t\t\t<div class=\"splw-weather-attribution\">\n\t\t\t\t\t\t<a href=\"https:\/\/openweathermap.org\/api\" target=\"_blank\" rel=\"noopener\">M\u00e9t\u00e9o fournie par OpenWeatherMap<\/a>\n\t\t\t\t\t<\/div>\n\t\t\t\t<\/div>\n\t\t\t<\/div><\/div>\n<\/div><\/div><div class=\"bde-rich-text-161-113 bde-rich-text breakdance-rich-text-styles\">\n<h2>Quelle est l&#039;ambiance ?<\/h2><p>L&#039;ambiance dans le Sud est <strong>paisible, traditionnel et sauvage<\/strong>. C&#039;est la partie la moins d\u00e9velopp\u00e9e de l&#039;\u00eele Maurice, o\u00f9 la vie s&#039;\u00e9coule \u00e0 un rythme plus lent et plus authentique. Elle est marqu\u00e9e par la nature\u00a0: champs de canne \u00e0 sucre, vagues d\u00e9ferlant sur les falaises volcaniques et paisibles villages de p\u00eacheurs.<\/p><ul><li><p><strong>Jour:<\/strong> Tout est question d&#039;exploration. C&#039;est la meilleure r\u00e9gion de l&#039;\u00eele pour les balades panoramiques (en particulier la <strong>route c\u00f4ti\u00e8re B9<\/strong>), la randonn\u00e9e dans le <strong>Parc national des gorges de la rivi\u00e8re Noire<\/strong>, et \u00e0 la d\u00e9couverte des merveilles de la nature.<\/p><\/li><li><p><strong>La nuit :<\/strong> Tr\u00e8s calme et reposant. Ici, la vie nocturne ne se r\u00e9sume pas aux bo\u00eetes de nuit\u00a0; on y pr\u00e9f\u00e8re un excellent d\u00eener \u00e0 l\u2019h\u00f4tel, dans un restaurant local de Mah\u00e9bourg, ou encore admirer les \u00e9toiles depuis une plage tranquille.<\/p><\/li><\/ul>\n<\/div><div class=\"bde-rich-text-161-114 bde-rich-text breakdance-rich-text-styles\">\n<h2>Le sud de l&#039;\u00eele Maurice est-il fait pour vous ?<\/h2><p>Le Sud est le meilleur choix pour <strong>amoureux de la nature, randonneurs et couples<\/strong> Pour une escapade romantique et paisible, c&#039;est l&#039;endroit id\u00e9al. C&#039;est aussi parfait pour ceux qui reviennent visiter l&#039;\u00eele et souhaitent d\u00e9couvrir un c\u00f4t\u00e9 plus authentique, hors des sentiers battus.<\/p><p><strong>C&#039;est parfait pour vous si :<\/strong><\/p><ul><li><p>Vous recherchez des paysages spectaculaires et une beaut\u00e9 naturelle brute.<\/p><\/li><li><p>Vous adorez les voyages en voiture et les points de vue panoramiques.<\/p><\/li><li><p>Vous vous int\u00e9ressez \u00e0 la randonn\u00e9e et aux parcs naturels.<\/p><\/li><li><p>Vous pr\u00e9f\u00e9rez le calme d&#039;un h\u00f4tel \u00e0 l&#039;animation d&#039;une ville.<\/p><\/li><\/ul><p><strong>Ce n&#039;est peut-\u00eatre pas pour vous si :<\/strong><\/p><ul><li><p>Vous recherchez une vie nocturne anim\u00e9e, une grande vari\u00e9t\u00e9 de restaurants et de l&#039;action non-stop.<\/p><\/li><li><p>Vous voulez \u00eatre dans un lieu central et anim\u00e9.<\/p><\/li><li><p>Pour cela, vous \u00eates bien mieux lotis en <a href=\"https:\/\/getmauritius.com\/fr\/north\/\" target=\"_self\">Grand Baie (Nord)<\/a>.<\/p><\/li><\/ul>\n<\/div><\/div>\n<\/section>","protected":false},"excerpt":{"rendered":"<p>D\u00e9couvrez le sud de l&#039;\u00eele Maurice\u00a0: c\u00f4tes sauvages, sites incontournables et ambiance authentique. Guide du voyageur novice au sud de l&#039;\u00eele Maurice. Le sud de l&#039;\u00eele Maurice est le c\u0153ur sauvage et authentique de l&#039;\u00eele. C&#039;est l&#039;endroit id\u00e9al pour les voyageurs qui souhaitent troquer les complexes h\u00f4teliers anim\u00e9s contre des falaises escarp\u00e9es, des randonn\u00e9es en pleine nature et une immersion dans la culture cr\u00e9ole. Cette r\u00e9gion est moins touristique [\u2026]<\/p>","protected":false},"author":1,"featured_media":90,"parent":0,"menu_order":0,"comment_status":"closed","ping_status":"closed","template":"","meta":{"_breakdance_hide_in_design_set":false,"_breakdance_tags":"","footnotes":""},"class_list":["post-161","page","type-page","status-publish","has-post-thumbnail","hentry"],"_hostinger_reach_plugin_has_subscription_block":false,"_hostinger_reach_plugin_is_elementor":false,"_links":{"self":[{"href":"https:\/\/getmauritius.com\/fr\/wp-json\/wp\/v2\/pages\/161","targetHints":{"allow":["GET"]}}],"collection":[{"href":"https:\/\/getmauritius.com\/fr\/wp-json\/wp\/v2\/pages"}],"about":[{"href":"https:\/\/getmauritius.com\/fr\/wp-json\/wp\/v2\/types\/page"}],"author":[{"embeddable":true,"href":"https:\/\/getmauritius.com\/fr\/wp-json\/wp\/v2\/users\/1"}],"replies":[{"embeddable":true,"href":"https:\/\/getmauritius.com\/fr\/wp-json\/wp\/v2\/comments?post=161"}],"version-history":[{"count":7,"href":"https:\/\/getmauritius.com\/fr\/wp-json\/wp\/v2\/pages\/161\/revisions"}],"predecessor-version":[{"id":234,"href":"https:\/\/getmauritius.com\/fr\/wp-json\/wp\/v2\/pages\/161\/revisions\/234"}],"wp:featuredmedia":[{"embeddable":true,"href":"https:\/\/getmauritius.com\/fr\/wp-json\/wp\/v2\/media\/90"}],"wp:attachment":[{"href":"https:\/\/getmauritius.com\/fr\/wp-json\/wp\/v2\/media?parent=161"}],"curies":[{"name":"wp","href":"https:\/\/api.w.org\/{rel}","templated":true}]}}