{"id":142,"date":"2025-11-04T12:15:17","date_gmt":"2025-11-04T12:15:17","guid":{"rendered":"https:\/\/getmauritius.com\/?page_id=142"},"modified":"2026-03-24T17:19:29","modified_gmt":"2026-03-24T17:19:29","slug":"north","status":"publish","type":"page","link":"https:\/\/getmauritius.com\/fr\/north\/","title":{"rendered":"Nord"},"content":{"rendered":"<style>.breakdance .bde-section-142-100{background-image:url(https:\/\/getmauritius.com\/wp-content\/uploads\/2025\/10\/North-Grand-Baie-Mauritius.webp);background-size:cover;background-repeat:no-repeat;background-attachment:fixed}.breakdance .bde-section-142-100>.section-background-overlay{background-color:#000;transition:background-color var(--bde-transition-duration) ease-in-out}.breakdance .bde-section-142-100>.section-background-overlay{opacity:0.5}<\/style><section class=\"bde-section-142-100 bde-section\">\n              \n  \n  \n\t\n\n  <div class=\"section-background-overlay\"><\/div>\n\n\n<div class=\"section-container\"><div class=\"bde-div-142-101 bde-div\">\n  \n  \n\t\n\n\n\n<h1 class=\"bde-heading-142-102 bde-heading\">\nD\u00e9couvrez le nord de l&#039;\u00eele Maurice\n<\/h1><div class=\"bde-rich-text-142-103 bde-rich-text breakdance-rich-text-styles\">\n<p>Plages anim\u00e9es, vie nocturne exceptionnelle et zones incontournables<\/p>\n<\/div>\n<\/div><\/div>\n<\/section><section class=\"bde-section-142-104 bde-section\">\n  \n  \n\t\n\n\n\n<div class=\"section-container\"><div class=\"bde-rich-text-142-105 bde-rich-text breakdance-rich-text-styles\">\n<h2>Guide du novice pour d\u00e9couvrir le nord de l&#039;\u00eele Maurice<\/h2><p>Le nord de l&#039;\u00eele Maurice est le p\u00f4le touristique le plus dynamique de l&#039;\u00eele \u2013 imaginez une ville anim\u00e9e. <strong>Plages, sports nautiques, shopping, vie nocturne et acc\u00e8s facile aux attractions embl\u00e9matiques.<\/strong> C&#039;est ici que \u00e7a se passe, surtout autour de Grand Baie, ce qui en fait l&#039;endroit id\u00e9al pour les visiteurs qui d\u00e9couvrent l&#039;\u00eele Maurice pour la premi\u00e8re fois et qui recherchent la facilit\u00e9 d&#039;acc\u00e8s, la diversit\u00e9 et l&#039;\u00e9nergie typique des villes baln\u00e9aires mauriciennes.<\/p>\n<\/div><div class=\"bde-google-map-142-122 bde-google-map\">\r\n<iframe width=\"100%\" height=\"100%\" style=\"border:0\" loading=\"lazy\" title=\"Au nord de l&#039;\u00eele Maurice\" src=\"https:\/\/www.google.com\/maps\/embed\/v1\/place?key=AIzaSyD9S0HCMzAHGPRQdajnD4XTVeJ__Wmt2xw&q=Grand+Baie&zoom=12&maptype=roadmap\" allowfullscreen><\/iframe>\n<\/div><div class=\"bde-rich-text-142-123 bde-rich-text breakdance-rich-text-styles\">\n<h2>Quelle partie de l&#039;\u00eele Maurice est le Nord ?<\/h2><p>La r\u00e9gion Nord couvre deux districts principaux\u00a0: <strong>Pamplemousses<\/strong> (nord-ouest) et <strong>Rivi\u00e8re du Rempart<\/strong> (nord-est). Son point d&#039;ancrage est Grand Baie, la station baln\u00e9aire la plus anim\u00e9e de l&#039;\u00eele Maurice, et elle s&#039;\u00e9tend jusqu&#039;\u00e0 de charmants sites c\u00f4tiers comme Trou aux Biches, Pereyb\u00e8re, Mont Choisy, Cap Malheureux et Grand Gaube. Elle est incroyablement accessible, situ\u00e9e \u00e0 seulement quelques kilom\u00e8tres de l\u00e0. <strong>15 \u00e0 20 minutes en voiture<\/strong> de la capitale, Port-Louis, et d&#039;environ <strong>1 heure 15 minutes<\/strong> depuis l&#039;a\u00e9roport MRU.<\/p><p><strong>Principaux lieux que vous rencontrerez\u00a0:<\/strong><\/p><ul><li><p><strong>Grand Baie<\/strong>Le c\u0153ur battant de la ville\u00a0: shopping, restaurants, vie nocturne, activit\u00e9s nautiques<\/p><\/li><li><p><strong>Pereyb\u00e8re<\/strong>Petite plage intime aux eaux cristallines, id\u00e9ale pour les familles.<\/p><\/li><li><p><strong>Trou aux Biches<\/strong>Bord\u00e9es de palmiers, eaux calmes et peu profondes, id\u00e9ales pour les enfants<\/p><\/li><li><p><strong>Mont Choisy<\/strong>L&#039;une des plus longues plages de l&#039;\u00eele, bord\u00e9e de food trucks.<\/p><\/li><li><p><strong>Cap Malheureux<\/strong>: Abritant la c\u00e9l\u00e8bre \u00e9glise au toit rouge offrant une vue sur l&#039;\u00eele de Coin de Mire<\/p><\/li><li><p><strong>Pamplemousses<\/strong>Emplacement du jardin botanique historique de la RSS<\/p><\/li><\/ul>\n<\/div><div class=\"bde-columns-142-119 bde-columns\"><div class=\"bde-column-142-120 bde-column\">\n  \n  \n\t\n\n\n\n<div class=\"bde-rich-text-142-117 bde-rich-text breakdance-rich-text-styles\">\n<h2>Quel temps fait-il dans le Nord ?<\/h2><p>Le Nord jouit d&#039;une <strong>climat tropical chaud toute l&#039;ann\u00e9e<\/strong> et est c\u00e9l\u00e8bre pour <strong>plus abrit\u00e9 du vent<\/strong> que les autres c\u00f4tes, surtout pendant l&#039;hiver mauricien (mai-octobre).<\/p><ul><li><p><strong>\u00c9t\u00e9 (nov.-avr.) :<\/strong> Chaud et humide, avec des temp\u00e9ratures de <strong>27-34\u00b0C<\/strong>. C&#039;est aussi la saison des pluies, mais les averses sont souvent br\u00e8ves et pr\u00e9servent la verdure du paysage.<\/p><\/li><li><p><strong>Hiver (mai-octobre) :<\/strong> Plus doux, plus sec et tr\u00e8s agr\u00e9able, avec des temp\u00e9ratures de <strong>17-26\u00b0C<\/strong>.<\/p><\/li><li><p><strong>Temp\u00e9rature de l&#039;oc\u00e9an :<\/strong> Toujours accueillant, allant de <strong>22-28\u00b0C<\/strong> toute l&#039;ann\u00e9e.<\/p><\/li><\/ul>\n<\/div>\n<\/div><div class=\"bde-column-142-121 bde-column\">\n  \n  \n\t\n\n\n\n<div class=\"bde-shortcode-142-130 bde-shortcode\"><style id=\"sp_lw_dynamic_css146\">#splw-location-weather-146.splw-main-wrapper {max-width: 320px;margin : auto;margin-bottom: 2em;}#splw-location-weather-146.splw-main-wrapper.horizontal {max-width: 800px;}#splw-location-weather-146 .splw-lite-wrapper,#splw-location-weather-146 .splw-forecast-weather select,#splw-location-weather-146 .splw-forecast-weather option,#splw-location-weather-146 .splw-lite-wrapper .splw-weather-attribution a{text-decoration: none;}#splw-location-weather-146 .splw-lite-templates-body,#splw-location-weather-146 .splw-adv-forecast-days{padding : 16px 20px 10px 20px;}#splw-location-weather-146 .splw-weather-detailed-updated-time{padding : 0 20px 10px 20px;}#splw-location-weather-146 .splw-lite-wrapper{ border: 0px solid #e2e2e2;}#splw-location-weather-146 .splw-lite-wrapper .splw-lite-current-temp .splw-weather-icon{width: 58px;}#splw-location-weather-146 .splw-adv-forecast-days{padding-top : 0;color : #fff;margin-top : 0px;margin-bottom : 0px;}#splw-location-weather-146 .splw-lite-templates-body{padding-bottom : 0;}#splw-location-weather-146 .splw-lite-wrapper{border-radius: 8px;}#splw-location-weather-146 .splw-lite-daily-weather-details .details-icon i{color:#ffffff;}#splw-location-weather-146 .splw-lite-wrapper,#splw-location-weather-146 .splw-forecast-weather option{background:#1e73be}#splw-location-weather-146 .splw-lite-daily-weather-details.lw-center .splw-other-opt{text-align: center;}#splw-location-weather-146 .splw-weather-title{color: #000;margin-top: 0px;margin-bottom: 20px;}#splw-location-weather-146 .splw-lite-header-title{color: #fff;margin-top: 0px;margin-bottom: 10px;}#splw-location-weather-146 .splw-lite-current-time{color: #fff;margin-top: 0px;margin-bottom: 10px;}#splw-location-weather-146 .splw-cur-temp{color: #fff;margin-top: 0px;margin-bottom: 0px;}#splw-location-weather-146 .splw-lite-desc{color: #fff;margin-top: 20px;margin-bottom: 0px;}#splw-location-weather-146 .splw-lite-daily-weather-details{color: #fff;margin-top: 0px;margin-bottom: 0px;}#splw-location-weather-146 .splw-weather-details .splw-weather-icons {color: #fff;margin-top: 20px;margin-bottom: 0px;}#splw-location-weather-146 .lw-footer{margin-top: 0px;margin-bottom: 0px;}#splw-location-weather-146 .splw-weather-attribution a,#splw-location-weather-146 .splw-weather-attribution,#splw-location-weather-146 .splw-weather-detailed-updated-time a,#splw-location-weather-146 .splw-weather-updated-time{color: #fff;}#splw-location-weather-146.splw-main-wrapper {position: relative;}#lw-preloader-146{position: absolute;left: 0;top: 0;height: 100%;width: 100%;text-align: center;display: flex;align-items: center;justify-content: center;background: #fff;z-index: 9999;}<\/style><div id=\"splw-location-weather-146\" class=\"splw-main-wrapper\">\n\t\t\t\t<div class=\"splw-weather-title\">Nord<\/div>\n\t\t\t\t<div class=\"splw-lite-wrapper\">\n\t\t\t\t\t<div class=\"splw-warning\">Veuillez r\u00e9gler votre m\u00e9t\u00e9o <a href=\"https:\/\/getmauritius.com\/wp-admin\/edit.php?post_type=location_weather&page=lw-settings#tab=weather-api-key\" target=\"_blank\">Cl\u00e9 API.<\/a><\/div> \n\t\t\t\t\t<div class=\"splw-weather-attribution\">\n\t\t\t\t\t\t<a href=\"https:\/\/openweathermap.org\/api\" target=\"_blank\" rel=\"noopener\">M\u00e9t\u00e9o fournie par OpenWeatherMap<\/a>\n\t\t\t\t\t<\/div>\n\t\t\t\t<\/div>\n\t\t\t<\/div><\/div>\n<\/div><\/div><div class=\"bde-rich-text-142-118 bde-rich-text breakdance-rich-text-styles\">\n<h2>Quelle est l&#039;ambiance ?<\/h2><p>L&#039;ambiance dans le Nord est <strong>dynamique, moderne et cosmopolite<\/strong>. C&#039;est le c\u0153ur social et touristique de l&#039;\u00eele Maurice, o\u00f9 les journ\u00e9es de d\u00e9tente \u00e0 la plage laissent place \u00e0 des nuits anim\u00e9es. C&#039;est la r\u00e9gion la plus d\u00e9velopp\u00e9e, offrant ainsi un choix exceptionnel d&#039;activit\u00e9s et de services.<\/p><ul><li><p><strong>Jour:<\/strong> D\u00e9couverte d\u00e9contract\u00e9e des plages (de la tr\u00e8s fr\u00e9quent\u00e9e P\u00e8reyb\u00e8re \u00e0 la longue plage de Mont Choisy), sports nautiques et shopping.<\/p><\/li><li><p><strong>La nuit :<\/strong> C&#039;est l&#039;\u00eele <strong>capitale incontest\u00e9e de la vie nocturne<\/strong>. La route c\u00f4ti\u00e8re de Grand Baie regorge d&#039;une grande vari\u00e9t\u00e9 de restaurants, de bars de plage d\u00e9contract\u00e9s et de bo\u00eetes de nuit.<\/p><\/li><\/ul>\n<\/div><div class=\"bde-rich-text-142-127 bde-rich-text breakdance-rich-text-styles\">\n<h2>Le nord de l&#039;\u00eele Maurice est-il fait pour moi ?<\/h2><p>Le Nord est le meilleur choix pour <strong>visiteurs de premi\u00e8re visite<\/strong>, les voyageurs qui veulent <strong>de nombreuses options de restauration et de vie nocturne<\/strong>, et les familles qui ont besoin <strong>acc\u00e8s facile aux activit\u00e9s<\/strong> et des plages calmes.<\/p><ul><li><p><strong>C&#039;est parfait pour vous si :<\/strong> Vous voulez \u00eatre au c\u0153ur de l&#039;action, vous adorez les sports nautiques, vous souhaitez un large choix de restaurants et vous pr\u00e9voyez de sortir le soir.<\/p><\/li><li><p><strong>Ce n&#039;est peut-\u00eatre pas pour vous si :<\/strong> Vous recherchez une escapade tranquille et isol\u00e9e, ou vous souhaitez vous sentir compl\u00e8tement d\u00e9connect\u00e9 du monde ? Dans ce cas, vous pr\u00e9f\u00e9rerez peut-\u00eatre les c\u00f4tes Sud ou Est.<\/p><\/li><\/ul>\n<\/div><\/div>\n<\/section>","protected":false},"excerpt":{"rendered":"<p>Discover the North of Mauritius Lively Beaches, Best Nightlife, &amp; Key Areas A First-Timer&#8217;s Guide to the North of MauritiusThe North of Mauritius is the island&#8217;s most vibrant tourism hub\u2014think lively beaches, water sports, shopping, nightlife, and easy access to iconic attractions. This is where the action is, especially around Grand Baie, making it ideal [&hellip;]<\/p>","protected":false},"author":1,"featured_media":89,"parent":0,"menu_order":0,"comment_status":"closed","ping_status":"closed","template":"","meta":{"_breakdance_hide_in_design_set":false,"_breakdance_tags":"","footnotes":""},"class_list":["post-142","page","type-page","status-publish","has-post-thumbnail","hentry"],"_hostinger_reach_plugin_has_subscription_block":false,"_hostinger_reach_plugin_is_elementor":false,"_links":{"self":[{"href":"https:\/\/getmauritius.com\/fr\/wp-json\/wp\/v2\/pages\/142","targetHints":{"allow":["GET"]}}],"collection":[{"href":"https:\/\/getmauritius.com\/fr\/wp-json\/wp\/v2\/pages"}],"about":[{"href":"https:\/\/getmauritius.com\/fr\/wp-json\/wp\/v2\/types\/page"}],"author":[{"embeddable":true,"href":"https:\/\/getmauritius.com\/fr\/wp-json\/wp\/v2\/users\/1"}],"replies":[{"embeddable":true,"href":"https:\/\/getmauritius.com\/fr\/wp-json\/wp\/v2\/comments?post=142"}],"version-history":[{"count":12,"href":"https:\/\/getmauritius.com\/fr\/wp-json\/wp\/v2\/pages\/142\/revisions"}],"predecessor-version":[{"id":235,"href":"https:\/\/getmauritius.com\/fr\/wp-json\/wp\/v2\/pages\/142\/revisions\/235"}],"wp:featuredmedia":[{"embeddable":true,"href":"https:\/\/getmauritius.com\/fr\/wp-json\/wp\/v2\/media\/89"}],"wp:attachment":[{"href":"https:\/\/getmauritius.com\/fr\/wp-json\/wp\/v2\/media?parent=142"}],"curies":[{"name":"wp","href":"https:\/\/api.w.org\/{rel}","templated":true}]}}