{"id":111,"date":"2025-11-03T20:14:10","date_gmt":"2025-11-03T20:14:10","guid":{"rendered":"https:\/\/getmauritius.com\/?page_id=111"},"modified":"2025-11-03T20:14:12","modified_gmt":"2025-11-03T20:14:12","slug":"contact","status":"publish","type":"page","link":"https:\/\/getmauritius.com\/fr\/contact\/","title":{"rendered":"Contactez-nous"},"content":{"rendered":"<section class=\"bde-section-111-100 bde-section\">\n              \n  \n  \n\t\n\n  <div class=\"section-background-overlay\"><\/div>\n\n\n<div class=\"section-container\"><div class=\"bde-div-111-101 bde-div\">\n  \n  \n\t\n\n\n\n<h1 class=\"bde-heading-111-102 bde-heading\">\nContactez-nous\n<\/h1><div class=\"bde-rich-text-111-103 bde-rich-text breakdance-rich-text-styles\">\n<p>Nous sommes l\u00e0 pour vous aider \u00e0 d\u00e9couvrir l&#039;\u00eele Maurice.<\/p><p><br><\/p>\n<\/div>\n<\/div><\/div>\n<\/section><section class=\"bde-section-111-104 bde-section\">\n  \n  \n\t\n\n\n\n<div class=\"section-container\"><div class=\"bde-rich-text-111-106 bde-rich-text breakdance-rich-text-styles\">\n<h2>Entrer en contact<\/h2><p>Chez GetMauritius, notre \u00e9quipe d&#039;experts locaux se consacre \u00e0 faire de votre s\u00e9jour sur l&#039;\u00eele une exp\u00e9rience inoubliable. Que vous ayez des questions sur les offres de voyage, besoin de recommandations personnalis\u00e9es ou envie de nous faire part de vos commentaires, nous sommes toujours ravis d&#039;\u00e9changer avec vous.<br><br><\/p><h2>Comment pouvons-nous vous aider ?<\/h2><ul><li><p><strong>Assistance \u00e0 la r\u00e9servation\u00a0:<\/strong> Des questions sur les h\u00f4tels, les vols ou les activit\u00e9s\u00a0? Nous vous aiderons \u00e0 trouver les meilleures options.<\/p><\/li><li><p><strong>Perspectives locales\u00a0:<\/strong> Vous recherchez des conseils d&#039;initi\u00e9s, des itin\u00e9raires personnalis\u00e9s ou des tr\u00e9sors cach\u00e9s\u00a0? Posez-nous toutes vos questions\u00a0!<\/p><\/li><li><p><strong>M\u00e9dias et partenariats :<\/strong> Int\u00e9ress\u00e9(e) par une collaboration, de la publicit\u00e9 ou des partenariats de contenu\u00a0? Contactez-nous pour plus d\u2019informations.<\/p><\/li><li><p><strong>Commentaires et suggestions\u00a0:<\/strong> Votre avis compte. Dites-nous comment nous pouvons nous am\u00e9liorer !<\/p><\/li><\/ul>\n<\/div><div class=\"bde-columns-111-110 bde-columns\"><div class=\"bde-column-111-111 bde-column\">\n  \n  \n\t\n\n\n\n<h3 class=\"bde-heading-111-112 bde-heading\">\nContactez-nous ! \n<\/h3><div class=\"bde-text-111-113 bde-text\">\nRemplissez notre formulaire, envoyez-nous un courriel directement ou suivez-nous sur les r\u00e9seaux sociaux pour obtenir les derni\u00e8res mises \u00e0 jour et de l&#039;aide.\n<\/div><h5 class=\"bde-heading-111-114 bde-heading\">\nE-mail :\n<\/h5><div class=\"bde-rich-text-111-115 bde-rich-text breakdance-rich-text-styles\">\n<p><a target=\"_self\" href=\"mailto:info@getmauritius.com\">info@<\/a><a href=\"http:\/\/getmauritius.com\/fr\/\">getmauritius.com<\/a><\/p>\n<\/div><h5 class=\"bde-heading-111-116 bde-heading\">\nSuivez-nous :\n<\/h5><div class=\"bde-social-icons-111-117 bde-social-icons\">\n                  \n            \n            \n\n    \n    \n    \n    \n    \n    <a class=\"breakdance-link bde-social-icons__icon-wrapper bde-social-icons__icon-facebook\" href=\"#\" target=\"_self\" data-type=\"url\" aria-label=\"Facebook\" >\n\n             <svg xmlns=\"http:\/\/www.w3.org\/2000\/svg\" width=\"100%\" viewbox=\"0 0 24 24\">\n            <path d=\"M9 8h-3v4h3v12h5v-12h3.642l.358-4h-4v-1.667c0-.955.192-1.333 1.115-1.333h2.885v-5h-3.808c-3.596 0-5.192 1.583-5.192 4.615v3.385z\"\/>\n       <\/svg>\n              <\/a>\n\n    \n<\/div>\n<\/div><div class=\"bde-column-111-118 bde-column\">\n  \n  \n\t\n\n\n\n<div class=\"bde-form-builder-111-119 bde-form-builder\">\n\n<form id=\"contact-form119\" class=\"breakdance-form breakdance-form--vertical\" data-options=\"{&quot;slug&quot;:&quot;custom&quot;,&quot;name&quot;:&quot;Contact Form&quot;,&quot;ajaxUrl&quot;:&quot;https:\\\/\\\/getmauritius.com\\\/wp-admin\\\/admin-ajax.php&quot;,&quot;clearOnSuccess&quot;:true,&quot;hideOnSuccess&quot;:false,&quot;successMessage&quot;:&quot;Your message has been received!&quot;,&quot;errorMessage&quot;:&quot;Something went wrong&quot;,&quot;redirect&quot;:false,&quot;redirectUrl&quot;:&quot;&quot;,&quot;customJavaScript&quot;:&quot;&quot;,&quot;recaptcha&quot;:{&quot;key&quot;:&quot;&quot;,&quot;enabled&quot;:false},&quot;honeypot_enabled&quot;:false,&quot;popupsOnSuccess&quot;:[],&quot;popupsOnError&quot;:[]}\" data-steps=\"0\" action=\"\" >\n  \n  \n  \n<div class=\"breakdance-form-field breakdance-form-field--text\" >\n    \n    \n            <label class=\"breakdance-form-field__label\" for=\"name\">\n            Pr\u00e9nom<span class=\"breakdance-form-field__required\">*<\/span>\n        <\/label>\n    \n    <input\n    class=\"breakdance-form-field__input\"\n    id=\"name\"\n    aria-describedby=\"name\"\n    type=\"text\"\n    name=\"fields[name]\"\n    placeholder=\"John\"\n    value=\"\"\n                \n        \n        \n    required\n>\n\n\n    \n    \n<\/div>\n\n\n<div class=\"breakdance-form-field breakdance-form-field--text\" >\n    \n    \n            <label class=\"breakdance-form-field__label\" for=\"xcywqj\">\n            Nom de famille<span class=\"breakdance-form-field__required\">*<\/span>\n        <\/label>\n    \n    <input\n    class=\"breakdance-form-field__input\"\n    id=\"xcywqj\"\n    aria-describedby=\"xcywqj\"\n    type=\"text\"\n    name=\"fields[xcywqj]\"\n    placeholder=\"Biche\"\n    value=\"\"\n                \n        \n        \n    required\n>\n\n\n    \n    \n<\/div>\n\n\n<div class=\"breakdance-form-field breakdance-form-field--email\" >\n    \n    \n            <label class=\"breakdance-form-field__label\" for=\"email\">\n            E-mail<span class=\"breakdance-form-field__required\">*<\/span>\n        <\/label>\n    \n    <input\n    class=\"breakdance-form-field__input\"\n    id=\"email\"\n    aria-describedby=\"email\"\n    type=\"email\"\n    name=\"fields[email]\"\n    placeholder=\"johndoe@example.com\"\n    value=\"\"\n                \n        \n        \n    required\n>\n\n\n    \n    \n<\/div>\n\n\n<div class=\"breakdance-form-field breakdance-form-field--textarea\" >\n    \n    \n            <label class=\"breakdance-form-field__label\" for=\"message\">\n            Message<span class=\"breakdance-form-field__required\">*<\/span>\n        <\/label>\n    \n    <textarea\n    class=\"breakdance-form-field__input\"\n    id=\"message\"\n    aria-describedby=\"message\"\n    type=\"textarea\"\n    name=\"fields[message]\"\n        placeholder=\"Saisissez votre message...\"\n    required\n>\n<\/textarea>\n\n\n    \n    \n<\/div>\n\n\n  \n\n<div class=\"breakdance-form-field breakdance-form-footer\">\n    \n    \n                                    \n    \n    \n    \n    \n            \n            <button type=\"submit\" class=\"button-atom button-atom--primary breakdance-form-button breakdance-form-button__submit\"  >\n    \n        <span class=\"button-atom__text\">Soumettre une demande<\/span>\n\n        \n        \n            <\/button>\n    \n    <input type=\"hidden\" name=\"form_id\" value=\"119\">\n    <input type=\"hidden\" name=\"post_id\" value=\"111\">\n<\/div>\n\n  \n<input type=\"hidden\" name=\"trp-form-language\" value=\"fr\"\/><\/form>\n\n\n<\/div>\n<\/div><\/div><\/div>\n<\/section>","protected":false},"excerpt":{"rendered":"<p>Contact Us We\u2019re Here to Help You Discover Mauritius Get in TouchAt GetMauritius, our team of local experts is dedicated to making your island adventure the best it can be. Whether you have questions about travel deals, need personalized recommendations, or want to share feedback, we\u2019re always happy to connect.How Can We Assist You?Booking Support: [&hellip;]<\/p>","protected":false},"author":1,"featured_media":0,"parent":0,"menu_order":0,"comment_status":"closed","ping_status":"closed","template":"","meta":{"_breakdance_hide_in_design_set":false,"_breakdance_tags":"","footnotes":""},"class_list":["post-111","page","type-page","status-publish","hentry"],"_hostinger_reach_plugin_has_subscription_block":false,"_hostinger_reach_plugin_is_elementor":false,"_links":{"self":[{"href":"https:\/\/getmauritius.com\/fr\/wp-json\/wp\/v2\/pages\/111","targetHints":{"allow":["GET"]}}],"collection":[{"href":"https:\/\/getmauritius.com\/fr\/wp-json\/wp\/v2\/pages"}],"about":[{"href":"https:\/\/getmauritius.com\/fr\/wp-json\/wp\/v2\/types\/page"}],"author":[{"embeddable":true,"href":"https:\/\/getmauritius.com\/fr\/wp-json\/wp\/v2\/users\/1"}],"replies":[{"embeddable":true,"href":"https:\/\/getmauritius.com\/fr\/wp-json\/wp\/v2\/comments?post=111"}],"version-history":[{"count":6,"href":"https:\/\/getmauritius.com\/fr\/wp-json\/wp\/v2\/pages\/111\/revisions"}],"predecessor-version":[{"id":117,"href":"https:\/\/getmauritius.com\/fr\/wp-json\/wp\/v2\/pages\/111\/revisions\/117"}],"wp:attachment":[{"href":"https:\/\/getmauritius.com\/fr\/wp-json\/wp\/v2\/media?parent=111"}],"curies":[{"name":"wp","href":"https:\/\/api.w.org\/{rel}","templated":true}]}}